{"id":18914,"date":"2020-03-19T16:34:56","date_gmt":"2020-03-19T15:34:56","guid":{"rendered":"https:\/\/isig.fbk.eu\/meno-virus-piu-conoscenza\/"},"modified":"2024-04-16T15:51:50","modified_gmt":"2024-04-16T13:51:50","slug":"digital-content","status":"publish","type":"page","link":"https:\/\/isig.fbk.eu\/en\/digital-content\/","title":{"rendered":"Digital Content"},"content":{"rendered":"<h2>Strumenti<\/h2>\n<p><a href=\"https:\/\/aro-isig.fbk.eu\/issues\/latest\/\">Annali.Recensioni.Online<\/a>: ARO provides a forum for discussion between historians and the public interested in history.<\/p>\n<p><a href=\"https:\/\/isig.fbk.eu\/en\/projects\/categories\/documentary-sources\/\">Fonti<\/a>: catalogs can be consulted in the links of the respective research projects and through the software of the &#8220;Historical Archives of Trentino,&#8221; the provincial information system.<\/p>\n<p><a href=\"https:\/\/books.fbk.eu\/pubblicazioni\/openaccess\/\">Libri<\/a>: on the FBK Press website you can find a number of titles in Open Access, including some from our series.<\/p>\n<p><a href=\"https:\/\/alcidedigitale.fbk.eu\/\">ALCIDE<\/a> Digital platform resulting from the A.L.C.I.D.E. (Analysis of Language and Content in a Digital Environment) project, a collaboration between the Italian-German Historical Institute and FBK&#8217;s Digital Humanities group, containing the digitization of De Gasperi&#8217;s political writings and speeches and an original software that combines discourse analysis tools with complex data structure visualization models.<\/p>\n<p><a href=\"https:\/\/mappingmobilities.fbk.eu\/\">Mapping mobilities<\/a> Digital platform of the Mapping Mobilities project funded by the CARITRO Foundation<\/p>\n<p><a href=\"https:\/\/hiddencities.eu\/\">Hidden cities<\/a> Web site and app of the project PURE PUblic REnaissance: Urban Cultures of Public Space between Early Modern Europe and the Present, funded by HERA (Humanities in European Research Area), in collaboration with University of Exeter, Rijksuniversiteit Groningen, Universitat de Val\u00e8ncia, Friedrich-Alexander Universit\u00e4t Erlangen-N\u00fcrnberg, Museum by Street in Pieve Tesino (TN)<\/p>\n<p>&nbsp;<\/p>\n<h2><a href=\"https:\/\/www.youtube.com\/playlist?list=PLY3KsH4gpiNrMcLOr1HYVvRHyPKQcwRJ8\">Webinar<\/a><\/h2>\n<p>As of 2020, many of our events have been recorded and are now available online.<\/p>\n<p>&nbsp;<\/p>\n<h2>Podcast<\/h2>\n<p><strong>Epidemics through Time.<\/strong> <strong>Pathways through history<\/strong> is a podcast series created by the Italian-German Historical Institute, in collaboration with Radio FBK, to tell the story of epidemics over the long term. Experts on the subject help us understand how people and societies have come to terms, from the late Middle Ages to the present day, with epidemic emergencies.<br \/>\n<em>Edited by:<\/em> Maurizio Cau, Claudio Ferlan, Alessandro Girardi, Alessandro Paris, Massimo Rospocher and Enrico Valseriati.<br \/>\n<em>Speaker:<\/em> Enrico Valseriati.<\/p>\n<p><iframe loading=\"lazy\" src=\"https:\/\/widget.spreaker.com\/player?show_id=4469778&amp;theme=light&amp;playlist=show&amp;playlist-continuous=false&amp;autoplay=true&amp;live-autoplay=false&amp;chapters-image=true&amp;episode_image_position=right&amp;hide-logo=false&amp;hide-likes=false&amp;hide-comments=false&amp;hide-sharing=false&amp;hide-download=true\" width=\"100%\" height=\"350px\" frameborder=\"0\"><\/iframe><\/p>\n","protected":false},"excerpt":{"rendered":"<p>Strumenti Annali.Recensioni.Online: ARO provides a forum for discussion between historians and the public interested in history. Fonti: catalogs can be consulted in the links of the respective research projects and through the software of the &#8220;Historical Archives of Trentino,&#8221; the provincial information system. Libri: on the FBK Press website you can find a number of [&hellip;]<\/p>\n","protected":false},"author":15,"featured_media":29506,"parent":0,"menu_order":0,"comment_status":"closed","ping_status":"closed","template":"","meta":{"footnotes":""},"class_list":["post-18914","page","type-page","status-publish","has-post-thumbnail","hentry"],"yoast_head":"<!-- This site is optimized with the Yoast SEO plugin v27.4 - https:\/\/yoast.com\/product\/yoast-seo-wordpress\/ -->\n<title>Digital Content - FBK ISIG<\/title>\n<meta name=\"robots\" content=\"index, follow, max-snippet:-1, max-image-preview:large, max-video-preview:-1\" \/>\n<link rel=\"canonical\" href=\"https:\/\/isig.fbk.eu\/en\/digital-content\/\" \/>\n<meta property=\"og:locale\" content=\"en_US\" \/>\n<meta property=\"og:type\" content=\"article\" \/>\n<meta property=\"og:url\" content=\"https:\/\/isig.fbk.eu\/en\/digital-content\/\" \/>\n<meta property=\"og:site_name\" content=\"FBK ISIG\" \/>\n<meta property=\"article:modified_time\" content=\"2024-04-16T13:51:50+00:00\" \/>\n<meta property=\"og:image\" content=\"https:\/\/isig.fbk.eu\/wp-content\/uploads\/2024\/04\/Prog_Alcide.jpg\" \/>\n\t<meta property=\"og:image:width\" content=\"1024\" \/>\n\t<meta property=\"og:image:height\" content=\"1024\" \/>\n\t<meta property=\"og:image:type\" content=\"image\/jpeg\" \/>\n<meta name=\"twitter:card\" content=\"summary_large_image\" \/>\n<meta name=\"twitter:label1\" content=\"Est. reading time\" \/>\n\t<meta name=\"twitter:data1\" content=\"2 minutes\" \/>\n<script type=\"application\/ld+json\" class=\"yoast-schema-graph\">{\"@context\":\"https:\\\/\\\/schema.org\",\"@graph\":[{\"@type\":\"WebPage\",\"@id\":\"https:\\\/\\\/isig.fbk.eu\\\/en\\\/digital-content\\\/\",\"url\":\"https:\\\/\\\/isig.fbk.eu\\\/en\\\/digital-content\\\/\",\"name\":\"Digital Content - FBK ISIG\",\"isPartOf\":{\"@id\":\"https:\\\/\\\/isig.fbk.eu\\\/it\\\/#website\"},\"primaryImageOfPage\":{\"@id\":\"https:\\\/\\\/isig.fbk.eu\\\/en\\\/digital-content\\\/#primaryimage\"},\"image\":{\"@id\":\"https:\\\/\\\/isig.fbk.eu\\\/en\\\/digital-content\\\/#primaryimage\"},\"thumbnailUrl\":\"https:\\\/\\\/isig.fbk.eu\\\/wp-content\\\/uploads\\\/2024\\\/04\\\/Prog_Alcide.jpg\",\"datePublished\":\"2020-03-19T15:34:56+00:00\",\"dateModified\":\"2024-04-16T13:51:50+00:00\",\"breadcrumb\":{\"@id\":\"https:\\\/\\\/isig.fbk.eu\\\/en\\\/digital-content\\\/#breadcrumb\"},\"inLanguage\":\"en-US\",\"potentialAction\":[{\"@type\":\"ReadAction\",\"target\":[\"https:\\\/\\\/isig.fbk.eu\\\/en\\\/digital-content\\\/\"]}]},{\"@type\":\"ImageObject\",\"inLanguage\":\"en-US\",\"@id\":\"https:\\\/\\\/isig.fbk.eu\\\/en\\\/digital-content\\\/#primaryimage\",\"url\":\"https:\\\/\\\/isig.fbk.eu\\\/wp-content\\\/uploads\\\/2024\\\/04\\\/Prog_Alcide.jpg\",\"contentUrl\":\"https:\\\/\\\/isig.fbk.eu\\\/wp-content\\\/uploads\\\/2024\\\/04\\\/Prog_Alcide.jpg\",\"width\":1024,\"height\":1024},{\"@type\":\"BreadcrumbList\",\"@id\":\"https:\\\/\\\/isig.fbk.eu\\\/en\\\/digital-content\\\/#breadcrumb\",\"itemListElement\":[{\"@type\":\"ListItem\",\"position\":1,\"name\":\"Home\",\"item\":\"https:\\\/\\\/isig.fbk.eu\\\/en\\\/\"},{\"@type\":\"ListItem\",\"position\":2,\"name\":\"Digital Content\"}]},{\"@type\":\"WebSite\",\"@id\":\"https:\\\/\\\/isig.fbk.eu\\\/it\\\/#website\",\"url\":\"https:\\\/\\\/isig.fbk.eu\\\/it\\\/\",\"name\":\"FBK ISIG\",\"description\":\"Just another WordPress site\",\"potentialAction\":[{\"@type\":\"SearchAction\",\"target\":{\"@type\":\"EntryPoint\",\"urlTemplate\":\"https:\\\/\\\/isig.fbk.eu\\\/it\\\/?s={search_term_string}\"},\"query-input\":{\"@type\":\"PropertyValueSpecification\",\"valueRequired\":true,\"valueName\":\"search_term_string\"}}],\"inLanguage\":\"en-US\"}]}<\/script>\n<!-- \/ Yoast SEO plugin. -->","yoast_head_json":{"title":"Digital Content - FBK ISIG","robots":{"index":"index","follow":"follow","max-snippet":"max-snippet:-1","max-image-preview":"max-image-preview:large","max-video-preview":"max-video-preview:-1"},"canonical":"https:\/\/isig.fbk.eu\/en\/digital-content\/","og_locale":"en_US","og_type":"article","og_url":"https:\/\/isig.fbk.eu\/en\/digital-content\/","og_site_name":"FBK ISIG","article_modified_time":"2024-04-16T13:51:50+00:00","og_image":[{"width":1024,"height":1024,"url":"https:\/\/isig.fbk.eu\/wp-content\/uploads\/2024\/04\/Prog_Alcide.jpg","type":"image\/jpeg"}],"twitter_card":"summary_large_image","twitter_misc":{"Est. reading time":"2 minutes"},"schema":{"@context":"https:\/\/schema.org","@graph":[{"@type":"WebPage","@id":"https:\/\/isig.fbk.eu\/en\/digital-content\/","url":"https:\/\/isig.fbk.eu\/en\/digital-content\/","name":"Digital Content - FBK ISIG","isPartOf":{"@id":"https:\/\/isig.fbk.eu\/it\/#website"},"primaryImageOfPage":{"@id":"https:\/\/isig.fbk.eu\/en\/digital-content\/#primaryimage"},"image":{"@id":"https:\/\/isig.fbk.eu\/en\/digital-content\/#primaryimage"},"thumbnailUrl":"https:\/\/isig.fbk.eu\/wp-content\/uploads\/2024\/04\/Prog_Alcide.jpg","datePublished":"2020-03-19T15:34:56+00:00","dateModified":"2024-04-16T13:51:50+00:00","breadcrumb":{"@id":"https:\/\/isig.fbk.eu\/en\/digital-content\/#breadcrumb"},"inLanguage":"en-US","potentialAction":[{"@type":"ReadAction","target":["https:\/\/isig.fbk.eu\/en\/digital-content\/"]}]},{"@type":"ImageObject","inLanguage":"en-US","@id":"https:\/\/isig.fbk.eu\/en\/digital-content\/#primaryimage","url":"https:\/\/isig.fbk.eu\/wp-content\/uploads\/2024\/04\/Prog_Alcide.jpg","contentUrl":"https:\/\/isig.fbk.eu\/wp-content\/uploads\/2024\/04\/Prog_Alcide.jpg","width":1024,"height":1024},{"@type":"BreadcrumbList","@id":"https:\/\/isig.fbk.eu\/en\/digital-content\/#breadcrumb","itemListElement":[{"@type":"ListItem","position":1,"name":"Home","item":"https:\/\/isig.fbk.eu\/en\/"},{"@type":"ListItem","position":2,"name":"Digital Content"}]},{"@type":"WebSite","@id":"https:\/\/isig.fbk.eu\/it\/#website","url":"https:\/\/isig.fbk.eu\/it\/","name":"FBK ISIG","description":"Just another WordPress site","potentialAction":[{"@type":"SearchAction","target":{"@type":"EntryPoint","urlTemplate":"https:\/\/isig.fbk.eu\/it\/?s={search_term_string}"},"query-input":{"@type":"PropertyValueSpecification","valueRequired":true,"valueName":"search_term_string"}}],"inLanguage":"en-US"}]}},"meta_box":{"_more_label":"","_more_page":"","_top_contents":"","_bottom_contents":"","_styles":"","_primary_highlights":[{"from":{"timestamp":"0"},"until":{"timestamp":"0"},"target":"_self","layout":"align-center","size":"half"}],"_secondary_highlights":[{"from":{"timestamp":"0"},"until":{"timestamp":"0"},"target":"_self"}],"_homepage_shortcuts":[{"section_shortcuts":[{"shortcut_thumbnail":{"shortcut_thumbnail_mode":"0"},"shortcut_link":{"shortcut_link_target":"_self"}}]}],"_homepage_call_to_action":{"destination_target":"_self"},"_highlights_limit":"0","_highlights_page":"","_events_limit":"4","_events_page":"","_news_limit":"4","_news_page":"","_contacts_locations_sections":[{"entries":[{"entry_thumbnail":{"entry_thumbnail_mode":"image"}}]}],"type":"fbkevent","category":[],"ordering":"asc","_style":"default","_past_projects_mode":"all","_past_projects_style":"default","_past_projects_limit":"","_projects":[{"style":"default"}],"_sections":[],"_network_and_partners_sections":[],"_tabbed_contents_sections":[],"_blocks":[{"block_thumbnail":{"block_thumbnail_mode":"none"},"links":[{"link_target":"_self"}]}],"_blocks_navigation":"","_latest_publications_limit":"3","_latest_publications_style":"default","_latest_publications_entries":[{"entry_type":"page"}],"_publications_highlights":[{"publication_type":"none"}],"_publications_custom":[],"_publications_filters_years":"","_publications_filters_number_of_years":"","_publications_filters_from_year":"2020","_publications_filters_until_year":"2020","_publications_filters_count":"","_sidebar":"","_outline":"","_outline_title":""},"_links":{"self":[{"href":"https:\/\/isig.fbk.eu\/en\/wp-json\/wp\/v2\/pages\/18914","targetHints":{"allow":["GET"]}}],"collection":[{"href":"https:\/\/isig.fbk.eu\/en\/wp-json\/wp\/v2\/pages"}],"about":[{"href":"https:\/\/isig.fbk.eu\/en\/wp-json\/wp\/v2\/types\/page"}],"author":[{"embeddable":true,"href":"https:\/\/isig.fbk.eu\/en\/wp-json\/wp\/v2\/users\/15"}],"replies":[{"embeddable":true,"href":"https:\/\/isig.fbk.eu\/en\/wp-json\/wp\/v2\/comments?post=18914"}],"version-history":[{"count":0,"href":"https:\/\/isig.fbk.eu\/en\/wp-json\/wp\/v2\/pages\/18914\/revisions"}],"wp:featuredmedia":[{"embeddable":true,"href":"https:\/\/isig.fbk.eu\/en\/wp-json\/wp\/v2\/media\/29506"}],"wp:attachment":[{"href":"https:\/\/isig.fbk.eu\/en\/wp-json\/wp\/v2\/media?parent=18914"}],"curies":[{"name":"wp","href":"https:\/\/api.w.org\/{rel}","templated":true}]}}