{"id":28932,"date":"2023-10-25T16:16:02","date_gmt":"2023-10-25T14:16:02","guid":{"rendered":"https:\/\/isig.fbk.eu\/?page_id=28932"},"modified":"2026-02-09T13:27:49","modified_gmt":"2026-02-09T12:27:49","slug":"research","status":"publish","type":"page","link":"https:\/\/isig.fbk.eu\/en\/research\/","title":{"rendered":"Research"},"content":{"rendered":"<p>Researchers at the Institute work on individual research projects dealing with political, religious, social, cultural, legal and economic history in the early modern and contemporary periods. We pay particular attention to contemporary issues (environment, mobility, media) and new ways of communicating history (public and digital history).<\/p>\n<p>The ISIG also promotes and develops historical research projects in collaboration with national and international institutions and with the support of external public and private funding agencies.<\/p>\n","protected":false},"excerpt":{"rendered":"<p>Researchers at the Institute work on individual research projects dealing with political, religious, social, cultural, legal and economic history in the early modern and contemporary periods. We pay particular attention to contemporary issues (environment, mobility, media) and new ways of communicating history (public and digital history). The ISIG also promotes and develops historical research projects [&hellip;]<\/p>\n","protected":false},"author":15,"featured_media":0,"parent":0,"menu_order":0,"comment_status":"closed","ping_status":"closed","template":"backbone\/page-templates\/shared\/grid-of-blocks.php","meta":{"footnotes":""},"class_list":["post-28932","page","type-page","status-publish","hentry"],"yoast_head":"<!-- This site is optimized with the Yoast SEO plugin v27.3 - https:\/\/yoast.com\/product\/yoast-seo-wordpress\/ -->\n<title>Research - FBK ISIG<\/title>\n<meta name=\"robots\" content=\"index, follow, max-snippet:-1, max-image-preview:large, max-video-preview:-1\" \/>\n<link rel=\"canonical\" href=\"https:\/\/isig.fbk.eu\/en\/research\/\" \/>\n<meta property=\"og:locale\" content=\"en_US\" \/>\n<meta property=\"og:type\" content=\"article\" \/>\n<meta property=\"og:url\" content=\"https:\/\/isig.fbk.eu\/en\/research\/\" \/>\n<meta property=\"og:site_name\" content=\"FBK ISIG\" \/>\n<meta property=\"article:modified_time\" content=\"2026-02-09T12:27:49+00:00\" \/>\n<meta name=\"twitter:card\" content=\"summary_large_image\" \/>\n<meta name=\"twitter:label1\" content=\"Est. reading time\" \/>\n\t<meta name=\"twitter:data1\" content=\"1 minute\" \/>\n<script type=\"application\/ld+json\" class=\"yoast-schema-graph\">{\"@context\":\"https:\\\/\\\/schema.org\",\"@graph\":[{\"@type\":\"WebPage\",\"@id\":\"https:\\\/\\\/isig.fbk.eu\\\/en\\\/research\\\/\",\"url\":\"https:\\\/\\\/isig.fbk.eu\\\/en\\\/research\\\/\",\"name\":\"Research - FBK ISIG\",\"isPartOf\":{\"@id\":\"https:\\\/\\\/isig.fbk.eu\\\/it\\\/#website\"},\"datePublished\":\"2023-10-25T14:16:02+00:00\",\"dateModified\":\"2026-02-09T12:27:49+00:00\",\"breadcrumb\":{\"@id\":\"https:\\\/\\\/isig.fbk.eu\\\/en\\\/research\\\/#breadcrumb\"},\"inLanguage\":\"en-US\",\"potentialAction\":[{\"@type\":\"ReadAction\",\"target\":[\"https:\\\/\\\/isig.fbk.eu\\\/en\\\/research\\\/\"]}]},{\"@type\":\"BreadcrumbList\",\"@id\":\"https:\\\/\\\/isig.fbk.eu\\\/en\\\/research\\\/#breadcrumb\",\"itemListElement\":[{\"@type\":\"ListItem\",\"position\":1,\"name\":\"Home\",\"item\":\"https:\\\/\\\/isig.fbk.eu\\\/en\\\/\"},{\"@type\":\"ListItem\",\"position\":2,\"name\":\"Research\"}]},{\"@type\":\"WebSite\",\"@id\":\"https:\\\/\\\/isig.fbk.eu\\\/it\\\/#website\",\"url\":\"https:\\\/\\\/isig.fbk.eu\\\/it\\\/\",\"name\":\"FBK ISIG\",\"description\":\"Just another WordPress site\",\"potentialAction\":[{\"@type\":\"SearchAction\",\"target\":{\"@type\":\"EntryPoint\",\"urlTemplate\":\"https:\\\/\\\/isig.fbk.eu\\\/it\\\/?s={search_term_string}\"},\"query-input\":{\"@type\":\"PropertyValueSpecification\",\"valueRequired\":true,\"valueName\":\"search_term_string\"}}],\"inLanguage\":\"en-US\"}]}<\/script>\n<!-- \/ Yoast SEO plugin. -->","yoast_head_json":{"title":"Research - FBK ISIG","robots":{"index":"index","follow":"follow","max-snippet":"max-snippet:-1","max-image-preview":"max-image-preview:large","max-video-preview":"max-video-preview:-1"},"canonical":"https:\/\/isig.fbk.eu\/en\/research\/","og_locale":"en_US","og_type":"article","og_url":"https:\/\/isig.fbk.eu\/en\/research\/","og_site_name":"FBK ISIG","article_modified_time":"2026-02-09T12:27:49+00:00","twitter_card":"summary_large_image","twitter_misc":{"Est. reading time":"1 minute"},"schema":{"@context":"https:\/\/schema.org","@graph":[{"@type":"WebPage","@id":"https:\/\/isig.fbk.eu\/en\/research\/","url":"https:\/\/isig.fbk.eu\/en\/research\/","name":"Research - FBK ISIG","isPartOf":{"@id":"https:\/\/isig.fbk.eu\/it\/#website"},"datePublished":"2023-10-25T14:16:02+00:00","dateModified":"2026-02-09T12:27:49+00:00","breadcrumb":{"@id":"https:\/\/isig.fbk.eu\/en\/research\/#breadcrumb"},"inLanguage":"en-US","potentialAction":[{"@type":"ReadAction","target":["https:\/\/isig.fbk.eu\/en\/research\/"]}]},{"@type":"BreadcrumbList","@id":"https:\/\/isig.fbk.eu\/en\/research\/#breadcrumb","itemListElement":[{"@type":"ListItem","position":1,"name":"Home","item":"https:\/\/isig.fbk.eu\/en\/"},{"@type":"ListItem","position":2,"name":"Research"}]},{"@type":"WebSite","@id":"https:\/\/isig.fbk.eu\/it\/#website","url":"https:\/\/isig.fbk.eu\/it\/","name":"FBK ISIG","description":"Just another WordPress site","potentialAction":[{"@type":"SearchAction","target":{"@type":"EntryPoint","urlTemplate":"https:\/\/isig.fbk.eu\/it\/?s={search_term_string}"},"query-input":{"@type":"PropertyValueSpecification","valueRequired":true,"valueName":"search_term_string"}}],"inLanguage":"en-US"}]}},"meta_box":{"_more_label":"","_more_page":"","_top_contents":"","_bottom_contents":"","_styles":"","_primary_highlights":[{"from":{"timestamp":"0"},"until":{"timestamp":"0"},"target":"_self","layout":"align-center","size":"half"}],"_secondary_highlights":[{"from":{"timestamp":"0"},"until":{"timestamp":"0"},"target":"_self"}],"_homepage_shortcuts":[{"section_shortcuts":[{"shortcut_thumbnail":{"shortcut_thumbnail_mode":"0"},"shortcut_link":{"shortcut_link_target":"_self"}}]}],"_homepage_call_to_action":{"destination_target":"_self"},"_highlights_limit":"0","_highlights_page":"","_events_limit":"4","_events_page":"","_news_limit":"4","_news_page":"","_contacts_locations_sections":[{"entries":[{"entry_thumbnail":{"entry_thumbnail_mode":"image"}}]}],"type":"fbkevent","category":[],"ordering":"asc","_style":"default","_past_projects_mode":"all","_past_projects_style":"default","_past_projects_limit":"","_projects":[{"style":"default"}],"_sections":[],"_network_and_partners_sections":[],"_tabbed_contents_sections":[],"_blocks":[{"block_title":"Mobilities","block_description":"Over the past decades, the advent of the mobility turn has given rise to a series of new theories, methodologies, and research questions regarding mobility. Both in the social sciences and in the humanities, mobilities are analyzed as an integral part of all human activity. In ISIG we focus on the history of mobilities concerning people, objects, and ideas, in a transnational and global context.\r\n\r\nImage: FBK Library D 861569 - s-ar 1 B 30\r\n","block_thumbnail":{"block_thumbnail_mode":"image","block_thumbnail_image":["28929"]},"links":[{"link_name":"BlackItaly. The Italian Peninsula and the Atlantic Slavery: A Forgotten History","link_mode":"url","link_url":"https:\/\/isig.fbk.eu\/en\/projects\/detail\/blackitaly-the-italian-peninsula-and-the-atlantic-slavery-a-forgotten-history\/","link_target":"_blank"},{"link_name":"HOLYLAB \u2013 A global economic Organization in the Early Modern Period: the Custody of the Holy Land through its account Books (1600-1800) ","link_mode":"url","link_url":"https:\/\/isig.fbk.eu\/it\/projects\/detail\/holylab-a-global-economic-organization-in-the-early-modern-period-the-custody-of-the-holy-land-through-its-account-books-1600-1800\/","link_target":"_blank"},{"link_name":"Il Tesino. Tra storia e memoria","link_mode":"url","link_url":"https:\/\/isig.fbk.eu\/it\/projects\/detail\/il-tesino-tra-storia-e-memoria\/","link_target":"_blank"},{"link_name":"Mapping Mobilities. Un\u2019analisi storica e digitale dell\u2019emigrazione trentina tra Otto e Novecento","link_mode":"url","link_url":"https:\/\/isig.fbk.eu\/it\/projects\/detail\/mapping-mobilities-unanalisi-storica-e-digitale-dellemigrazione-trentina-tra-otto-e-novecento\/","link_target":"_blank"}]},{"block_title":"Media and Communication","block_description":"In past societies, communication was not something abstract, but a set of practices and activities, of people and objects, of sounds, words and images, omnipresent in cultural, political and social life. Media and communicative acts had an impact on the existences of men and women, contributing not only to their perception but also to the construction of reality. Historicizing communication is necessary in order to understand a society of the past and, consequently, our present.\r\n\r\nImage: Cover M. Cau, C. Corneli\u00dfen, I media nei processi elettorali, Il Mulino, 2020\r\n","block_thumbnail":{"block_thumbnail_mode":"image","block_thumbnail_image":["28930"]},"links":[{"link_name":"Giustizia, societ\u00e0 e immagini nel sistema detentivo trentino in et\u00e0 moderna (sec. XVI-XIX)","link_mode":"url","link_url":"https:\/\/isig.fbk.eu\/en\/projects\/detail\/giustizia-societa-e-immagini-nel-sistema-detentivo-trentino-in-eta-moderna-sec-xvi-xix\/","link_target":"_blank"},{"link_name":"PUblic Renaissance: Urban Cultures of Public Space between Early Modern Europe and the present (PURE)","link_mode":"url","link_url":"https:\/\/isig.fbk.eu\/it\/projects\/detail\/public-renaissance-urban-cultures-of-public-space-between-early-modern-europe-and-the-present-pure\/","link_target":"_blank"},{"link_name":"Mediatizzazione e medialit\u00e0 della storia","link_mode":"url","link_url":"https:\/\/isig.fbk.eu\/it\/projects\/detail\/mediatizzazione-e-medialita-della-storia\/","link_target":"_blank"},{"link_name":"The European Dimension of Popular Print Culture (1500-1900)","link_mode":"url","link_url":"https:\/\/isig.fbk.eu\/it\/projects\/detail\/the-european-dimensions-of-popular-print-culture-1500-1900\/","link_target":"_blank"}]},{"block_title":"Digital and Public History","block_description":"In order to increase the presence of history in the public debate and to reduce the gap between research and society, ISIG is committed to using different media and languages to communicate history to a wider public. Particular attention is paid to digital media. ISIG has a number of projects that experiment with the use of new technologies, not only as a research tool, but also as a means of communicating history to a wider audience.","block_thumbnail":{"block_thumbnail_mode":"image","block_thumbnail_image":["29506"]},"links":[{"link_name":"HistoryCity Apps","link_mode":"url","link_url":"https:\/\/historycityapps.org\/","link_target":"_self"},{"link_name":"ALCIDE (Analysis of Language and Content In a Digital Environment)","link_mode":"url","link_url":"https:\/\/isig.fbk.eu\/it\/projects\/detail\/alcide-analysis-of-language-and-content-in-a-digital-environment\/","link_target":"_blank"},{"link_name":"Mapping Mobilities. Un\u2019analisi storica e digitale dell\u2019emigrazione trentina tra Otto e Novecento","link_mode":"url","link_url":"https:\/\/mappingmobilities.fbk.eu\/","link_target":"_blank"},{"link_name":"Hidden Trento 900 - The city at the time of Fascism","link_mode":"url","link_url":"https:\/\/isig.fbk.eu\/en\/projects\/detail\/hidden-trento-900-the-city-at-the-time-of-fascism\/","link_target":"_self"},{"link_name":"CICATRICI - PerCorsi di ricerca su alcuni luoghI ChiAve di TRento per ricostruire le diverse Identit\u00e0 della citt\u00e0, tra Continuit\u00e0 e strappI","link_mode":"url","link_url":"https:\/\/isig.fbk.eu\/en\/projects\/detail\/cicatrici-percorsi-di-ricerca-su-alcuni-luoghi-chiave-di-trento-per-ricostruire-le-diverse-identita-della-citta-tra-continuita-e-strappi\/","link_target":"_blank"}]},{"block_title":"Environment","block_description":"Environmental history uses an interdisciplinary approach to study the mutual relations between humanity and nature  and investigates the environmental and climate changes caused by society. In ISIG we focus on the Alpine areas in the early modern and contemporary period by studying the environmental impact resulting from the exploitation of forests and rivers, employed both as transit routes and sources of hydraulic energy.\r\n\r\nImage: Tiroler Landesarchiv, Landschaftliches Archiv, Codex III, picture of the river Adige from Aldeno to Volano, author Hans Schorr, 1615","block_thumbnail":{"block_thumbnail_mode":"image","block_thumbnail_image":["28973"]},"links":[{"link_name":"Environment and Infrastructure Challenges, Knowledge and Innovation from the Early Modern Period to the Present","link_mode":"url","link_url":"https:\/\/books.fbk.eu\/pubblicazioni\/titoli\/environment-and-infrastructure\/","link_target":"_self"},{"link_name":"L\u2019altro volto della transizione industriale: il legame nell\u2019epoca dei combustibili fossili","link_mode":"url","link_url":"https:\/\/isig.fbk.eu\/it\/projects\/detail\/laltro-volto-della-transizione-industriale-il-legname-nellepoca-dei-combustibili-fossili\/","link_target":"_blank"},{"link_name":"The Dolomites before the Dolomites: History of a border environment (16th-17th centuries)","link_mode":"url","link_url":"https:\/\/isig.fbk.eu\/en\/projects\/detail\/the-dolomites-before-the-dolomites-history-of-a-border-environment-16th-17th-centuries\/","link_target":"_self"},{"link_name":"Making the Woods. A social history of forests in Fiemme Valley (1866-1914)","link_mode":"url","link_url":"https:\/\/isig.fbk.eu\/en\/projects\/detail\/making-the-woods-a-social-history-of-forests-in-fiemme-valley-1866-1914\/","link_target":"_self"},{"link_name":"Notarial Deeds at the \u2018Italian Borders\u2019: The Jurisdictions of Borgo and Primiero \u2013 Database (15571904)","link_mode":"url","link_url":"https:\/\/isig.fbk.eu\/en\/projects\/detail\/atti-dei-notai-ai-confini-italiani-i-giudizi-di-borgo-e-primiero-banca-dati-1557-1904\/","link_target":"_self"}]},{"block_title":"Politics and Society","block_description":"Since its foundation, ISIG has focused on the study of the political and legal organization of society. In dialogue with new methodological and thematic approaches of contemporary historiography, we analyze various aspects related to the trajectories of Western democracies, the role of institutions and individuals in the steering of society, and the political and cultural processes that influence the course of events and revisit their memories.\r\n\r\nImage: FBK Library at 3-A-20 (1)\r\n","block_thumbnail":{"block_thumbnail_mode":"image","block_thumbnail_image":["28917"]},"links":[{"link_name":"The Role of Gender in Medical Care. The Case of the Imperial Habsburg Family (16th\u201317th centuries)","link_mode":"url","link_url":"https:\/\/isig.fbk.eu\/en\/projects\/detail\/the-role-of-gender-in-medical-care-the-case-of-the-imperial-habsburg-family-16th-17th-centuries\/","link_target":"_blank"},{"link_name":"Haunted Trentino. Towards a History of Witchcraft in the Principality and Diocese of Trento (16th\u201318th Centuries)","link_mode":"url","link_url":"https:\/\/isig.fbk.eu\/en\/projects\/detail\/trentino-stregato-per-una-storia-della-stregoneria-nel-principato-e-nella-diocesi-di-trento-secoli-xvi-xviii\/","link_target":"_blank"},{"link_name":"Per una storia dell'eredit\u00e0 materiale del ventennio fascista. Il caso trentino","link_mode":"url","link_url":"https:\/\/isig.fbk.eu\/en\/projects\/detail\/per-una-storia-delleredita-materiale-del-ventennio-fascista-il-caso-trentino\/","link_target":"_self"},{"link_name":"Alle radici del Trentino contemporaneo: Bruno Kessler e le sfide della modernizzazione","link_mode":"url","link_url":"https:\/\/isig.fbk.eu\/it\/projects\/detail\/alle-radici-del-trentino-contemporaneo-bruno-kessler-e-le-sfide-della-modernizzazione\/","link_target":"_blank"},{"link_name":"DANgerous CROwds in Renaissance Italy. Violence, music and street festive experiences in public spaces (DAN-CRO)","link_mode":"url","link_url":"https:\/\/isig.fbk.eu\/it\/projects\/detail\/dangerous-crowds-in-renaissance-italy-violence-music-and-street-festive-experiences-in-public-spaces-dan-cro\/","link_target":"_blank"},{"link_name":"Giustizia straordinaria e giustizia militare. I processi presso le corti d\u2019assise e nei tribunali militari","link_mode":"url","link_url":"https:\/\/isig.fbk.eu\/it\/projects\/detail\/giustizia-straordinaria-e-giustizia-militare-i-processi-presso-le-corti-dassise-e-nei-tribunali-militari\/","link_target":"_blank"}]}],"_blocks_navigation":"","_latest_publications_limit":"3","_latest_publications_style":"default","_latest_publications_entries":[{"entry_type":"page"}],"_publications_highlights":[{"publication_type":"none"}],"_publications_custom":[],"_publications_filters_years":"","_publications_filters_number_of_years":"","_publications_filters_from_year":"2023","_publications_filters_until_year":"2023","_publications_filters_count":"","_sidebar":"","_outline":"","_outline_title":""},"_links":{"self":[{"href":"https:\/\/isig.fbk.eu\/en\/wp-json\/wp\/v2\/pages\/28932","targetHints":{"allow":["GET"]}}],"collection":[{"href":"https:\/\/isig.fbk.eu\/en\/wp-json\/wp\/v2\/pages"}],"about":[{"href":"https:\/\/isig.fbk.eu\/en\/wp-json\/wp\/v2\/types\/page"}],"author":[{"embeddable":true,"href":"https:\/\/isig.fbk.eu\/en\/wp-json\/wp\/v2\/users\/15"}],"replies":[{"embeddable":true,"href":"https:\/\/isig.fbk.eu\/en\/wp-json\/wp\/v2\/comments?post=28932"}],"version-history":[{"count":0,"href":"https:\/\/isig.fbk.eu\/en\/wp-json\/wp\/v2\/pages\/28932\/revisions"}],"wp:attachment":[{"href":"https:\/\/isig.fbk.eu\/en\/wp-json\/wp\/v2\/media?parent=28932"}],"curies":[{"name":"wp","href":"https:\/\/api.w.org\/{rel}","templated":true}]}}