{"id":13496,"date":"2017-10-31T08:40:39","date_gmt":"2017-10-31T07:40:39","guid":{"rendered":"https:\/\/isig.fbk.eu\/?page_id=13496"},"modified":"2026-01-28T12:01:02","modified_gmt":"2026-01-28T11:01:02","slug":"biblioteca","status":"publish","type":"page","link":"https:\/\/isig.fbk.eu\/it\/biblioteca\/","title":{"rendered":"Biblioteca"},"content":{"rendered":"<p>L\u2019Istituto Storico Italo-Germanico \u00e8 dotato di una ricca biblioteca specializzata nell\u2019ambito degli studi storici di area italo-tedesca. La Biblioteca FBK, fondata nel 1973 e ora articolata nelle sezioni ISIG e ISR (scienze religiose), dispone di un patrimonio complessivo di oltre <strong>250.000 volumi<\/strong>, con un incremento annuo di circa 1.500 titoli, e pi\u00f9 di 2.200 periodici, di cui quasi 700 correnti.<br \/>\nAl suo interno vi sono anche conservati, nella loro interezza, alcuni fondi speciali:<\/p>\n<ul>\n<li>biblioteche di studiosi, quali ad esempio la biblioteca personale e l\u2019archivio di Hubert Jedin, storico del Concilio di Trento (circa 9.500 opere), il fondo John Barber, biblioteca personale dello studioso di storia politica, sociale ed economica della Russia e dell\u2019Europa orientale, fino alla pi\u00f9 recente acquisizione della biblioteca personale di Enzo Collotti (circa 9.000 volumi);<\/li>\n<li>biblioteche di enti e istituzioni: tra le quali la biblioteca della Fondazione Italiana per la Storia Amministrativa \u2013 FISA (pi\u00f9 di 10.000 tra monografie e periodici) e la Biblioteca Austriaca (\u00d6sterreich-Bibliothek) di Trento (ca 9.600 volumi)<\/li>\n<li>il fondo Libri antichi (1.340 volumi, tra cui 145 cinquecentine), La biblioteca partecipa assieme ad altri istituti di conservazione trentini, cos\u00ec come a partner nazionali e internazionali, a progetti di digitalizzazione, quali\u201cDel Concilio\u201d, finalizzato alla digitalizzazione di materiale librario antico (<a href=\"https:\/\/www.del-concilio.cultura.trentino.it\/\">https:\/\/www.del-concilio.cultura.trentino.it\/<\/a>).<\/li>\n<\/ul>\n<p>La Biblioteca FBK ha promosso il progetto \u201cHeyJoe-History, Religion and Philosophy Journals Online Access\u201d, che mira a rende disponibili le versioni elettroniche delle maggiori riviste storiche che non hanno altro accesso elettronico (<a href=\"https:\/\/heyjoe.fbk.eu\/\">https:\/\/heyjoe.fbk.eu\/<\/a>), e \u201cDare Nuova voce alla foni\u201d, progetto di digitalizzazione di convegni storici (<a href=\"https:\/\/biblio.fbk.eu\/nuovavoce\/\">https:\/\/biblio.fbk.eu\/nuovavoce\/<\/a>).<br \/>\nOltre a supportare la ricerca delle collaboratrici e dei collaboratori interni, la biblioteca della Fondazione Bruno Kessler \u00e8 un luogo ideale per lo studio, grazie alle due sale di consultazione e a un ampio orario di apertura (luned\u00ec-venerd\u00ec 8-19; sabato 8-12 &#8211; orario di servizio di prestito: luned\u00ec-venerd\u00ec 8.30-12 | 13.30-17.30)).<\/p>\n<h3>Per informazioni pi\u00f9 dettagliate si rimanda al sito della <a href=\"http:\/\/biblio.fbk.eu\">biblioteca<\/a>.<\/h3>\n","protected":false},"excerpt":{"rendered":"<p>L\u2019Istituto Storico Italo-Germanico \u00e8 dotato di una ricca biblioteca specializzata nell\u2019ambito degli studi storici di area italo-tedesca. La Biblioteca FBK, fondata nel 1973 e ora articolata nelle sezioni ISIG e ISR (scienze religiose), dispone di un patrimonio complessivo di oltre 250.000 volumi, con un incremento annuo di circa 1.500 titoli, e pi\u00f9 di 2.200 periodici, [&hellip;]<\/p>\n","protected":false},"author":5,"featured_media":29421,"parent":0,"menu_order":0,"comment_status":"closed","ping_status":"closed","template":"backbone\/page-templates\/shared\/network-and-partners.php","meta":{"footnotes":""},"class_list":["post-13496","page","type-page","status-publish","has-post-thumbnail","hentry"],"yoast_head":"<!-- This site is optimized with the Yoast SEO plugin v27.5 - https:\/\/yoast.com\/product\/yoast-seo-wordpress\/ -->\n<title>Biblioteca - FBK ISIG<\/title>\n<meta name=\"robots\" content=\"index, follow, max-snippet:-1, max-image-preview:large, max-video-preview:-1\" \/>\n<link rel=\"canonical\" href=\"https:\/\/isig.fbk.eu\/it\/biblioteca\/\" \/>\n<meta property=\"og:locale\" content=\"it_IT\" \/>\n<meta property=\"og:type\" content=\"article\" \/>\n<meta property=\"og:url\" content=\"https:\/\/isig.fbk.eu\/it\/biblioteca\/\" \/>\n<meta property=\"og:site_name\" content=\"FBK ISIG\" \/>\n<meta property=\"article:modified_time\" content=\"2026-01-28T11:01:02+00:00\" \/>\n<meta property=\"og:image\" content=\"https:\/\/isig.fbk.eu\/wp-content\/uploads\/2024\/03\/Cop_Biblioteca-scaled.jpg\" \/>\n\t<meta property=\"og:image:width\" content=\"2560\" \/>\n\t<meta property=\"og:image:height\" content=\"1920\" \/>\n\t<meta property=\"og:image:type\" content=\"image\/jpeg\" \/>\n<meta name=\"twitter:card\" content=\"summary_large_image\" \/>\n<meta name=\"twitter:label1\" content=\"Tempo di lettura stimato\" \/>\n\t<meta name=\"twitter:data1\" content=\"2 minuti\" \/>\n<script type=\"application\/ld+json\" class=\"yoast-schema-graph\">{\"@context\":\"https:\\\/\\\/schema.org\",\"@graph\":[{\"@type\":\"WebPage\",\"@id\":\"https:\\\/\\\/isig.fbk.eu\\\/it\\\/biblioteca\\\/\",\"url\":\"https:\\\/\\\/isig.fbk.eu\\\/it\\\/biblioteca\\\/\",\"name\":\"Biblioteca - FBK ISIG\",\"isPartOf\":{\"@id\":\"https:\\\/\\\/isig.fbk.eu\\\/it\\\/#website\"},\"primaryImageOfPage\":{\"@id\":\"https:\\\/\\\/isig.fbk.eu\\\/it\\\/biblioteca\\\/#primaryimage\"},\"image\":{\"@id\":\"https:\\\/\\\/isig.fbk.eu\\\/it\\\/biblioteca\\\/#primaryimage\"},\"thumbnailUrl\":\"https:\\\/\\\/isig.fbk.eu\\\/wp-content\\\/uploads\\\/2024\\\/03\\\/Cop_Biblioteca-scaled.jpg\",\"datePublished\":\"2017-10-31T07:40:39+00:00\",\"dateModified\":\"2026-01-28T11:01:02+00:00\",\"breadcrumb\":{\"@id\":\"https:\\\/\\\/isig.fbk.eu\\\/it\\\/biblioteca\\\/#breadcrumb\"},\"inLanguage\":\"it-IT\",\"potentialAction\":[{\"@type\":\"ReadAction\",\"target\":[\"https:\\\/\\\/isig.fbk.eu\\\/it\\\/biblioteca\\\/\"]}]},{\"@type\":\"ImageObject\",\"inLanguage\":\"it-IT\",\"@id\":\"https:\\\/\\\/isig.fbk.eu\\\/it\\\/biblioteca\\\/#primaryimage\",\"url\":\"https:\\\/\\\/isig.fbk.eu\\\/wp-content\\\/uploads\\\/2024\\\/03\\\/Cop_Biblioteca-scaled.jpg\",\"contentUrl\":\"https:\\\/\\\/isig.fbk.eu\\\/wp-content\\\/uploads\\\/2024\\\/03\\\/Cop_Biblioteca-scaled.jpg\",\"width\":2560,\"height\":1920},{\"@type\":\"BreadcrumbList\",\"@id\":\"https:\\\/\\\/isig.fbk.eu\\\/it\\\/biblioteca\\\/#breadcrumb\",\"itemListElement\":[{\"@type\":\"ListItem\",\"position\":1,\"name\":\"Home\",\"item\":\"https:\\\/\\\/isig.fbk.eu\\\/it\\\/\"},{\"@type\":\"ListItem\",\"position\":2,\"name\":\"Biblioteca\"}]},{\"@type\":\"WebSite\",\"@id\":\"https:\\\/\\\/isig.fbk.eu\\\/it\\\/#website\",\"url\":\"https:\\\/\\\/isig.fbk.eu\\\/it\\\/\",\"name\":\"FBK ISIG\",\"description\":\"Just another WordPress site\",\"potentialAction\":[{\"@type\":\"SearchAction\",\"target\":{\"@type\":\"EntryPoint\",\"urlTemplate\":\"https:\\\/\\\/isig.fbk.eu\\\/it\\\/?s={search_term_string}\"},\"query-input\":{\"@type\":\"PropertyValueSpecification\",\"valueRequired\":true,\"valueName\":\"search_term_string\"}}],\"inLanguage\":\"it-IT\"}]}<\/script>\n<!-- \/ Yoast SEO plugin. -->","yoast_head_json":{"title":"Biblioteca - FBK ISIG","robots":{"index":"index","follow":"follow","max-snippet":"max-snippet:-1","max-image-preview":"max-image-preview:large","max-video-preview":"max-video-preview:-1"},"canonical":"https:\/\/isig.fbk.eu\/it\/biblioteca\/","og_locale":"it_IT","og_type":"article","og_url":"https:\/\/isig.fbk.eu\/it\/biblioteca\/","og_site_name":"FBK ISIG","article_modified_time":"2026-01-28T11:01:02+00:00","og_image":[{"width":2560,"height":1920,"url":"https:\/\/isig.fbk.eu\/wp-content\/uploads\/2024\/03\/Cop_Biblioteca-scaled.jpg","type":"image\/jpeg"}],"twitter_card":"summary_large_image","twitter_misc":{"Tempo di lettura stimato":"2 minuti"},"schema":{"@context":"https:\/\/schema.org","@graph":[{"@type":"WebPage","@id":"https:\/\/isig.fbk.eu\/it\/biblioteca\/","url":"https:\/\/isig.fbk.eu\/it\/biblioteca\/","name":"Biblioteca - FBK ISIG","isPartOf":{"@id":"https:\/\/isig.fbk.eu\/it\/#website"},"primaryImageOfPage":{"@id":"https:\/\/isig.fbk.eu\/it\/biblioteca\/#primaryimage"},"image":{"@id":"https:\/\/isig.fbk.eu\/it\/biblioteca\/#primaryimage"},"thumbnailUrl":"https:\/\/isig.fbk.eu\/wp-content\/uploads\/2024\/03\/Cop_Biblioteca-scaled.jpg","datePublished":"2017-10-31T07:40:39+00:00","dateModified":"2026-01-28T11:01:02+00:00","breadcrumb":{"@id":"https:\/\/isig.fbk.eu\/it\/biblioteca\/#breadcrumb"},"inLanguage":"it-IT","potentialAction":[{"@type":"ReadAction","target":["https:\/\/isig.fbk.eu\/it\/biblioteca\/"]}]},{"@type":"ImageObject","inLanguage":"it-IT","@id":"https:\/\/isig.fbk.eu\/it\/biblioteca\/#primaryimage","url":"https:\/\/isig.fbk.eu\/wp-content\/uploads\/2024\/03\/Cop_Biblioteca-scaled.jpg","contentUrl":"https:\/\/isig.fbk.eu\/wp-content\/uploads\/2024\/03\/Cop_Biblioteca-scaled.jpg","width":2560,"height":1920},{"@type":"BreadcrumbList","@id":"https:\/\/isig.fbk.eu\/it\/biblioteca\/#breadcrumb","itemListElement":[{"@type":"ListItem","position":1,"name":"Home","item":"https:\/\/isig.fbk.eu\/it\/"},{"@type":"ListItem","position":2,"name":"Biblioteca"}]},{"@type":"WebSite","@id":"https:\/\/isig.fbk.eu\/it\/#website","url":"https:\/\/isig.fbk.eu\/it\/","name":"FBK ISIG","description":"Just another WordPress site","potentialAction":[{"@type":"SearchAction","target":{"@type":"EntryPoint","urlTemplate":"https:\/\/isig.fbk.eu\/it\/?s={search_term_string}"},"query-input":{"@type":"PropertyValueSpecification","valueRequired":true,"valueName":"search_term_string"}}],"inLanguage":"it-IT"}]}},"meta_box":{"_more_label":"","_more_page":"","_top_contents":"","_bottom_contents":"","_styles":"","_primary_highlights":[{"from":{"timestamp":"0"},"until":{"timestamp":"0"},"target":"_self","layout":"align-center","size":"half"}],"_secondary_highlights":[{"from":{"timestamp":"0"},"until":{"timestamp":"0"},"target":"_self"}],"_homepage_shortcuts":[{"section_shortcuts":[{"shortcut_thumbnail":{"shortcut_thumbnail_mode":"0"},"shortcut_link":{"shortcut_link_target":"_self"}}]}],"_homepage_call_to_action":{"destination_target":"_self"},"_highlights_limit":"0","_highlights_page":"","_events_limit":"4","_events_page":"","_news_limit":"4","_news_page":"","_contacts_locations_sections":[{"entries":[{"entry_thumbnail":{"entry_thumbnail_mode":"image"}}]}],"type":"fbkevent","category":[],"ordering":"asc","_style":"default","_past_projects_mode":"all","_past_projects_style":"default","_past_projects_limit":"3","_projects":[{"style":"default"}],"_sections":[],"_network_and_partners_sections":[{"section":"Progetti di digitalizzazione","entries":[{"image":["31050"],"name":"HeyJoe - History, Religion and Philosophy Journals Online Access","subtitle":"HeyJoe - History, Religion and Philosophy Journals Online Access","url":"https:\/\/heyjoe.fbk.eu\/","details_mode":"true","details_description":"HeyJoe - History, Religion and Philosophy Journals Online Access"},{"image":["31052"],"name":"Dare nuova voce alle fonti. Comunicare la ricerca umanistica per tutt\u0259","subtitle":"Dare nuova voce alle fonti. Comunicare la ricerca umanistica per tutt\u0259","url":"https:\/\/biblio.fbk.eu\/nuovavoce\/","details_mode":"true","details_description":"Dare nuova voce alle fonti. Comunicare la ricerca umanistica per tutt\u0259"},{"image":["31056"],"name":"Fondo Enzo Collotti","subtitle":"Fondo Enzo Collotti","url":"https:\/\/isig.fbk.eu\/it\/biblioteca\/fondo-enzo-collotti\/","details_mode":"true","details_description":"Fondo Enzo Collotti"}]}],"_tabbed_contents_sections":[],"_blocks":[{"block_thumbnail":{"block_thumbnail_mode":"none"},"links":[{"link_target":"_self"}]}],"_blocks_navigation":"","_latest_publications_limit":"3","_latest_publications_style":"default","_latest_publications_entries":[{"entry_type":"page"}],"_publications_highlights":[{"publication_type":"none"}],"_publications_custom":[],"_publications_filters_years":"","_publications_filters_number_of_years":"","_publications_filters_from_year":"2017","_publications_filters_until_year":"2017","_publications_filters_count":"","_sidebar":"","_outline":"","_outline_title":""},"_links":{"self":[{"href":"https:\/\/isig.fbk.eu\/it\/wp-json\/wp\/v2\/pages\/13496","targetHints":{"allow":["GET"]}}],"collection":[{"href":"https:\/\/isig.fbk.eu\/it\/wp-json\/wp\/v2\/pages"}],"about":[{"href":"https:\/\/isig.fbk.eu\/it\/wp-json\/wp\/v2\/types\/page"}],"author":[{"embeddable":true,"href":"https:\/\/isig.fbk.eu\/it\/wp-json\/wp\/v2\/users\/5"}],"replies":[{"embeddable":true,"href":"https:\/\/isig.fbk.eu\/it\/wp-json\/wp\/v2\/comments?post=13496"}],"version-history":[{"count":0,"href":"https:\/\/isig.fbk.eu\/it\/wp-json\/wp\/v2\/pages\/13496\/revisions"}],"wp:featuredmedia":[{"embeddable":true,"href":"https:\/\/isig.fbk.eu\/it\/wp-json\/wp\/v2\/media\/29421"}],"wp:attachment":[{"href":"https:\/\/isig.fbk.eu\/it\/wp-json\/wp\/v2\/media?parent=13496"}],"curies":[{"name":"wp","href":"https:\/\/api.w.org\/{rel}","templated":true}]}}