{"id":18691,"date":"2020-03-19T16:34:56","date_gmt":"2020-03-19T15:34:56","guid":{"rendered":"https:\/\/isig.fbk.eu\/?page_id=18691"},"modified":"2024-04-16T15:50:35","modified_gmt":"2024-04-16T13:50:35","slug":"contenuti-digitali","status":"publish","type":"page","link":"https:\/\/isig.fbk.eu\/it\/contenuti-digitali\/","title":{"rendered":"Contenuti digitali"},"content":{"rendered":"<h2>Strumenti<\/h2>\n<p><a href=\"https:\/\/aro-isig.fbk.eu\/issues\/latest\/\">Annali.Recensioni.Online<\/a>: ARO offre un forum di discussione tra storici e il pubblico interessato alla storia.<\/p>\n<p><a href=\"https:\/\/isig.fbk.eu\/it\/projects\/categories\/fonti-documentarie\/\">Fonti<\/a>: \u00a0gli inventari sono consultabili nei link dei rispettivi progetti di ricerca e tramite il software degli \u201cArchivi storici del Trentino\u201d, il sistema informatico provinciale.<\/p>\n<p><a href=\"https:\/\/books.fbk.eu\/pubblicazioni\/openaccess\/\">Libri<\/a>: sul sito di FBK Press potete trovare alcuni titoli in Open Access, tra cui alcuni delle nostre collane.<\/p>\n<p><a href=\"https:\/\/alcidedigitale.fbk.eu\/\">ALCIDE<\/a>\u00a0Piattaforma digitale frutto del progetto A.L.C.I.D.E. (Analysis of Language and Content in a Digital Environment), che ha visto la collaborazione tra l\u2019Istituto Storico Italo-Germanico e il gruppo Digital Humanities di FBK, contenente la digitalizzazione degli scritti e discorsi politici di De Gasperi e un software originale che unisce strumenti di analisi del discorso a modelli di visualizzazione di strutture dati complesse.<\/p>\n<p><a href=\"https:\/\/mappingmobilities.fbk.eu\/\">Mapping mobilities<\/a> Piattaforma digitale del progetto Mapping Mobilities finanziato dalla Fondazione CARITRO.<\/p>\n<p><a href=\"https:\/\/hiddencities.eu\/\">Hidden cities<\/a> Sito web e app del progetto PURE PUblic REnaissance: Urban Cultures of Public Space between Early Modern Europe and the Present, finanziato da HERA (Humanities in European Research Area), in collaborazione con University of Exeter, Rijksuniversiteit Groningen, Universitat de Val\u00e8ncia, Friedrich-Alexander Universit\u00e4t Erlangen-N\u00fcrnberg, Museo per via di Pieve Tesino (TN).<\/p>\n<p>&nbsp;<\/p>\n<h2><a href=\"https:\/\/www.youtube.com\/playlist?list=PLY3KsH4gpiNrMcLOr1HYVvRHyPKQcwRJ8\">Webinar<\/a><\/h2>\n<p>A partire dal 2020 molti dei nostri eventi sono stati registrati e sono ora disponibili.<\/p>\n<p>&nbsp;<\/p>\n<h2>Podcast<\/h2>\n<p><strong>Epidemie nel tempo. Percorsi nella storia<\/strong> \u00e8 un ciclo di podcast pensato dall\u2019Istituto Storico Italo-Germanico della Fondazione Bruno Kessler, in collaborazione con Radio FBK, per raccontare la storia delle epidemie nel lungo periodo. Esperti del tema ci aiutano a comprendere come lepersone e le societ\u00e0 hanno fatto i conti, dal tardo Medioevo ai nostri giorni, con le emergenze epidemiche.<br \/>\n<em>A cura di:<\/em> Maurizio Cau, Claudio Ferlan, Alessandro Girardi, Alessandro Paris, Massimo Rospocher ed Enrico Valseriati.<br \/>\n<em>Speaker:<\/em> Enrico Valseriati.<\/p>\n<p><iframe loading=\"lazy\" src=\"https:\/\/widget.spreaker.com\/player?show_id=4469778&amp;theme=light&amp;playlist=show&amp;playlist-continuous=false&amp;autoplay=true&amp;live-autoplay=false&amp;chapters-image=true&amp;episode_image_position=right&amp;hide-logo=false&amp;hide-likes=false&amp;hide-comments=false&amp;hide-sharing=false&amp;hide-download=true\" width=\"100%\" height=\"350px\" frameborder=\"0\"><\/iframe><\/p>\n","protected":false},"excerpt":{"rendered":"<p>Strumenti Annali.Recensioni.Online: ARO offre un forum di discussione tra storici e il pubblico interessato alla storia. Fonti: \u00a0gli inventari sono consultabili nei link dei rispettivi progetti di ricerca e tramite il software degli \u201cArchivi storici del Trentino\u201d, il sistema informatico provinciale. Libri: sul sito di FBK Press potete trovare alcuni titoli in Open Access, tra [&hellip;]<\/p>\n","protected":false},"author":15,"featured_media":29506,"parent":0,"menu_order":0,"comment_status":"closed","ping_status":"closed","template":"","meta":{"footnotes":""},"class_list":["post-18691","page","type-page","status-publish","has-post-thumbnail","hentry"],"yoast_head":"<!-- This site is optimized with the Yoast SEO plugin v27.5 - https:\/\/yoast.com\/product\/yoast-seo-wordpress\/ -->\n<title>Contenuti digitali - FBK ISIG<\/title>\n<meta name=\"robots\" content=\"index, follow, max-snippet:-1, max-image-preview:large, max-video-preview:-1\" \/>\n<link rel=\"canonical\" href=\"https:\/\/isig.fbk.eu\/it\/contenuti-digitali\/\" \/>\n<meta property=\"og:locale\" content=\"it_IT\" \/>\n<meta property=\"og:type\" content=\"article\" \/>\n<meta property=\"og:url\" content=\"https:\/\/isig.fbk.eu\/it\/contenuti-digitali\/\" \/>\n<meta property=\"og:site_name\" content=\"FBK ISIG\" \/>\n<meta property=\"article:modified_time\" content=\"2024-04-16T13:50:35+00:00\" \/>\n<meta property=\"og:image\" content=\"https:\/\/isig.fbk.eu\/wp-content\/uploads\/2024\/04\/Prog_Alcide.jpg\" \/>\n\t<meta property=\"og:image:width\" content=\"1024\" \/>\n\t<meta property=\"og:image:height\" content=\"1024\" \/>\n\t<meta property=\"og:image:type\" content=\"image\/jpeg\" \/>\n<meta name=\"twitter:card\" content=\"summary_large_image\" \/>\n<meta name=\"twitter:label1\" content=\"Tempo di lettura stimato\" \/>\n\t<meta name=\"twitter:data1\" content=\"2 minuti\" \/>\n<script type=\"application\/ld+json\" class=\"yoast-schema-graph\">{\"@context\":\"https:\\\/\\\/schema.org\",\"@graph\":[{\"@type\":\"WebPage\",\"@id\":\"https:\\\/\\\/isig.fbk.eu\\\/it\\\/contenuti-digitali\\\/\",\"url\":\"https:\\\/\\\/isig.fbk.eu\\\/it\\\/contenuti-digitali\\\/\",\"name\":\"Contenuti digitali - FBK ISIG\",\"isPartOf\":{\"@id\":\"https:\\\/\\\/isig.fbk.eu\\\/it\\\/#website\"},\"primaryImageOfPage\":{\"@id\":\"https:\\\/\\\/isig.fbk.eu\\\/it\\\/contenuti-digitali\\\/#primaryimage\"},\"image\":{\"@id\":\"https:\\\/\\\/isig.fbk.eu\\\/it\\\/contenuti-digitali\\\/#primaryimage\"},\"thumbnailUrl\":\"https:\\\/\\\/isig.fbk.eu\\\/wp-content\\\/uploads\\\/2024\\\/04\\\/Prog_Alcide.jpg\",\"datePublished\":\"2020-03-19T15:34:56+00:00\",\"dateModified\":\"2024-04-16T13:50:35+00:00\",\"breadcrumb\":{\"@id\":\"https:\\\/\\\/isig.fbk.eu\\\/it\\\/contenuti-digitali\\\/#breadcrumb\"},\"inLanguage\":\"it-IT\",\"potentialAction\":[{\"@type\":\"ReadAction\",\"target\":[\"https:\\\/\\\/isig.fbk.eu\\\/it\\\/contenuti-digitali\\\/\"]}]},{\"@type\":\"ImageObject\",\"inLanguage\":\"it-IT\",\"@id\":\"https:\\\/\\\/isig.fbk.eu\\\/it\\\/contenuti-digitali\\\/#primaryimage\",\"url\":\"https:\\\/\\\/isig.fbk.eu\\\/wp-content\\\/uploads\\\/2024\\\/04\\\/Prog_Alcide.jpg\",\"contentUrl\":\"https:\\\/\\\/isig.fbk.eu\\\/wp-content\\\/uploads\\\/2024\\\/04\\\/Prog_Alcide.jpg\",\"width\":1024,\"height\":1024},{\"@type\":\"BreadcrumbList\",\"@id\":\"https:\\\/\\\/isig.fbk.eu\\\/it\\\/contenuti-digitali\\\/#breadcrumb\",\"itemListElement\":[{\"@type\":\"ListItem\",\"position\":1,\"name\":\"Home\",\"item\":\"https:\\\/\\\/isig.fbk.eu\\\/it\\\/\"},{\"@type\":\"ListItem\",\"position\":2,\"name\":\"Contenuti digitali\"}]},{\"@type\":\"WebSite\",\"@id\":\"https:\\\/\\\/isig.fbk.eu\\\/it\\\/#website\",\"url\":\"https:\\\/\\\/isig.fbk.eu\\\/it\\\/\",\"name\":\"FBK ISIG\",\"description\":\"Just another WordPress site\",\"potentialAction\":[{\"@type\":\"SearchAction\",\"target\":{\"@type\":\"EntryPoint\",\"urlTemplate\":\"https:\\\/\\\/isig.fbk.eu\\\/it\\\/?s={search_term_string}\"},\"query-input\":{\"@type\":\"PropertyValueSpecification\",\"valueRequired\":true,\"valueName\":\"search_term_string\"}}],\"inLanguage\":\"it-IT\"}]}<\/script>\n<!-- \/ Yoast SEO plugin. -->","yoast_head_json":{"title":"Contenuti digitali - FBK ISIG","robots":{"index":"index","follow":"follow","max-snippet":"max-snippet:-1","max-image-preview":"max-image-preview:large","max-video-preview":"max-video-preview:-1"},"canonical":"https:\/\/isig.fbk.eu\/it\/contenuti-digitali\/","og_locale":"it_IT","og_type":"article","og_url":"https:\/\/isig.fbk.eu\/it\/contenuti-digitali\/","og_site_name":"FBK ISIG","article_modified_time":"2024-04-16T13:50:35+00:00","og_image":[{"width":1024,"height":1024,"url":"https:\/\/isig.fbk.eu\/wp-content\/uploads\/2024\/04\/Prog_Alcide.jpg","type":"image\/jpeg"}],"twitter_card":"summary_large_image","twitter_misc":{"Tempo di lettura stimato":"2 minuti"},"schema":{"@context":"https:\/\/schema.org","@graph":[{"@type":"WebPage","@id":"https:\/\/isig.fbk.eu\/it\/contenuti-digitali\/","url":"https:\/\/isig.fbk.eu\/it\/contenuti-digitali\/","name":"Contenuti digitali - FBK ISIG","isPartOf":{"@id":"https:\/\/isig.fbk.eu\/it\/#website"},"primaryImageOfPage":{"@id":"https:\/\/isig.fbk.eu\/it\/contenuti-digitali\/#primaryimage"},"image":{"@id":"https:\/\/isig.fbk.eu\/it\/contenuti-digitali\/#primaryimage"},"thumbnailUrl":"https:\/\/isig.fbk.eu\/wp-content\/uploads\/2024\/04\/Prog_Alcide.jpg","datePublished":"2020-03-19T15:34:56+00:00","dateModified":"2024-04-16T13:50:35+00:00","breadcrumb":{"@id":"https:\/\/isig.fbk.eu\/it\/contenuti-digitali\/#breadcrumb"},"inLanguage":"it-IT","potentialAction":[{"@type":"ReadAction","target":["https:\/\/isig.fbk.eu\/it\/contenuti-digitali\/"]}]},{"@type":"ImageObject","inLanguage":"it-IT","@id":"https:\/\/isig.fbk.eu\/it\/contenuti-digitali\/#primaryimage","url":"https:\/\/isig.fbk.eu\/wp-content\/uploads\/2024\/04\/Prog_Alcide.jpg","contentUrl":"https:\/\/isig.fbk.eu\/wp-content\/uploads\/2024\/04\/Prog_Alcide.jpg","width":1024,"height":1024},{"@type":"BreadcrumbList","@id":"https:\/\/isig.fbk.eu\/it\/contenuti-digitali\/#breadcrumb","itemListElement":[{"@type":"ListItem","position":1,"name":"Home","item":"https:\/\/isig.fbk.eu\/it\/"},{"@type":"ListItem","position":2,"name":"Contenuti digitali"}]},{"@type":"WebSite","@id":"https:\/\/isig.fbk.eu\/it\/#website","url":"https:\/\/isig.fbk.eu\/it\/","name":"FBK ISIG","description":"Just another WordPress site","potentialAction":[{"@type":"SearchAction","target":{"@type":"EntryPoint","urlTemplate":"https:\/\/isig.fbk.eu\/it\/?s={search_term_string}"},"query-input":{"@type":"PropertyValueSpecification","valueRequired":true,"valueName":"search_term_string"}}],"inLanguage":"it-IT"}]}},"meta_box":{"_more_label":"","_more_page":"","_top_contents":"","_bottom_contents":"","_styles":"","_primary_highlights":[{"from":{"timestamp":"0"},"until":{"timestamp":"0"},"target":"_self","layout":"align-center","size":"half"}],"_secondary_highlights":[{"from":{"timestamp":"0"},"until":{"timestamp":"0"},"target":"_self"}],"_homepage_shortcuts":[{"section_shortcuts":[{"shortcut_thumbnail":{"shortcut_thumbnail_mode":"0"},"shortcut_link":{"shortcut_link_target":"_self"}}]}],"_homepage_call_to_action":{"destination_target":"_self"},"_highlights_limit":"0","_highlights_page":"","_events_limit":"4","_events_page":"","_news_limit":"4","_news_page":"","_contacts_locations_sections":[{"entries":[{"entry_thumbnail":{"entry_thumbnail_mode":"image"}}]}],"type":"fbkevent","category":[],"ordering":"asc","_style":"default","_past_projects_mode":"all","_past_projects_style":"default","_past_projects_limit":"","_projects":[{"style":"default"}],"_sections":[],"_network_and_partners_sections":[],"_tabbed_contents_sections":[],"_blocks":[{"block_thumbnail":{"block_thumbnail_mode":"none"},"links":[{"link_target":"_self"}]}],"_blocks_navigation":"","_latest_publications_limit":"3","_latest_publications_style":"default","_latest_publications_entries":[{"entry_type":"page"}],"_publications_highlights":[{"publication_type":"none"}],"_publications_custom":[],"_publications_filters_years":"","_publications_filters_number_of_years":"","_publications_filters_from_year":"2020","_publications_filters_until_year":"2020","_publications_filters_count":"","_sidebar":"","_outline":"","_outline_title":""},"_links":{"self":[{"href":"https:\/\/isig.fbk.eu\/it\/wp-json\/wp\/v2\/pages\/18691","targetHints":{"allow":["GET"]}}],"collection":[{"href":"https:\/\/isig.fbk.eu\/it\/wp-json\/wp\/v2\/pages"}],"about":[{"href":"https:\/\/isig.fbk.eu\/it\/wp-json\/wp\/v2\/types\/page"}],"author":[{"embeddable":true,"href":"https:\/\/isig.fbk.eu\/it\/wp-json\/wp\/v2\/users\/15"}],"replies":[{"embeddable":true,"href":"https:\/\/isig.fbk.eu\/it\/wp-json\/wp\/v2\/comments?post=18691"}],"version-history":[{"count":0,"href":"https:\/\/isig.fbk.eu\/it\/wp-json\/wp\/v2\/pages\/18691\/revisions"}],"wp:featuredmedia":[{"embeddable":true,"href":"https:\/\/isig.fbk.eu\/it\/wp-json\/wp\/v2\/media\/29506"}],"wp:attachment":[{"href":"https:\/\/isig.fbk.eu\/it\/wp-json\/wp\/v2\/media?parent=18691"}],"curies":[{"name":"wp","href":"https:\/\/api.w.org\/{rel}","templated":true}]}}