{"id":20504,"date":"2023-10-25T16:15:14","date_gmt":"2023-10-25T14:15:14","guid":{"rendered":"https:\/\/isig.fbk.eu\/?page_id=20504"},"modified":"2026-02-09T13:28:27","modified_gmt":"2026-02-09T12:28:27","slug":"ricerca","status":"publish","type":"page","link":"https:\/\/isig.fbk.eu\/it\/ricerca\/","title":{"rendered":"Ricerca"},"content":{"rendered":"<p>Le ricercatrici e i ricercatori dell\u2019Istituto sviluppano progetti di ricerca nell\u2019ambito della storia politica, religiosa, sociale, culturale, giuridica ed economica in et\u00e0 moderna e contemporanea. Una particolare attenzione \u00e8 riservata ai temi legati alle urgenze della nostra societ\u00e0 (l\u2019ambiente, la mobilit\u00e0, i media) e ai nuovi linguaggi per comunicare la storia (public e digital history).<\/p>\n<p>L\u2019ISIG promuove e sviluppa progetti scientifici di carattere storico anche grazie alla collaborazione con realt\u00e0 scientifiche nazionali e internazionali e grazie al coinvolgimento di finanziatori esterni pubblici e privati.<\/p>\n","protected":false},"excerpt":{"rendered":"<p>Le ricercatrici e i ricercatori dell\u2019Istituto sviluppano progetti di ricerca nell\u2019ambito della storia politica, religiosa, sociale, culturale, giuridica ed economica in et\u00e0 moderna e contemporanea. Una particolare attenzione \u00e8 riservata ai temi legati alle urgenze della nostra societ\u00e0 (l\u2019ambiente, la mobilit\u00e0, i media) e ai nuovi linguaggi per comunicare la storia (public e digital history). [&hellip;]<\/p>\n","protected":false},"author":15,"featured_media":0,"parent":0,"menu_order":0,"comment_status":"closed","ping_status":"closed","template":"backbone\/page-templates\/shared\/grid-of-blocks.php","meta":{"footnotes":""},"class_list":["post-20504","page","type-page","status-publish","hentry"],"yoast_head":"<!-- This site is optimized with the Yoast SEO plugin v27.3 - https:\/\/yoast.com\/product\/yoast-seo-wordpress\/ -->\n<title>Ricerca - FBK ISIG<\/title>\n<meta name=\"robots\" content=\"index, follow, max-snippet:-1, max-image-preview:large, max-video-preview:-1\" \/>\n<link rel=\"canonical\" href=\"https:\/\/isig.fbk.eu\/it\/ricerca\/\" \/>\n<meta property=\"og:locale\" content=\"it_IT\" \/>\n<meta property=\"og:type\" content=\"article\" \/>\n<meta property=\"og:url\" content=\"https:\/\/isig.fbk.eu\/it\/ricerca\/\" \/>\n<meta property=\"og:site_name\" content=\"FBK ISIG\" \/>\n<meta property=\"article:modified_time\" content=\"2026-02-09T12:28:27+00:00\" \/>\n<meta name=\"twitter:card\" content=\"summary_large_image\" \/>\n<meta name=\"twitter:label1\" content=\"Tempo di lettura stimato\" \/>\n\t<meta name=\"twitter:data1\" content=\"1 minuto\" \/>\n<script type=\"application\/ld+json\" class=\"yoast-schema-graph\">{\"@context\":\"https:\\\/\\\/schema.org\",\"@graph\":[{\"@type\":\"WebPage\",\"@id\":\"https:\\\/\\\/isig.fbk.eu\\\/it\\\/ricerca\\\/\",\"url\":\"https:\\\/\\\/isig.fbk.eu\\\/it\\\/ricerca\\\/\",\"name\":\"Ricerca - FBK ISIG\",\"isPartOf\":{\"@id\":\"https:\\\/\\\/isig.fbk.eu\\\/it\\\/#website\"},\"datePublished\":\"2023-10-25T14:15:14+00:00\",\"dateModified\":\"2026-02-09T12:28:27+00:00\",\"breadcrumb\":{\"@id\":\"https:\\\/\\\/isig.fbk.eu\\\/it\\\/ricerca\\\/#breadcrumb\"},\"inLanguage\":\"it-IT\",\"potentialAction\":[{\"@type\":\"ReadAction\",\"target\":[\"https:\\\/\\\/isig.fbk.eu\\\/it\\\/ricerca\\\/\"]}]},{\"@type\":\"BreadcrumbList\",\"@id\":\"https:\\\/\\\/isig.fbk.eu\\\/it\\\/ricerca\\\/#breadcrumb\",\"itemListElement\":[{\"@type\":\"ListItem\",\"position\":1,\"name\":\"Home\",\"item\":\"https:\\\/\\\/isig.fbk.eu\\\/it\\\/\"},{\"@type\":\"ListItem\",\"position\":2,\"name\":\"Ricerca\"}]},{\"@type\":\"WebSite\",\"@id\":\"https:\\\/\\\/isig.fbk.eu\\\/it\\\/#website\",\"url\":\"https:\\\/\\\/isig.fbk.eu\\\/it\\\/\",\"name\":\"FBK ISIG\",\"description\":\"Just another WordPress site\",\"potentialAction\":[{\"@type\":\"SearchAction\",\"target\":{\"@type\":\"EntryPoint\",\"urlTemplate\":\"https:\\\/\\\/isig.fbk.eu\\\/it\\\/?s={search_term_string}\"},\"query-input\":{\"@type\":\"PropertyValueSpecification\",\"valueRequired\":true,\"valueName\":\"search_term_string\"}}],\"inLanguage\":\"it-IT\"}]}<\/script>\n<!-- \/ Yoast SEO plugin. -->","yoast_head_json":{"title":"Ricerca - FBK ISIG","robots":{"index":"index","follow":"follow","max-snippet":"max-snippet:-1","max-image-preview":"max-image-preview:large","max-video-preview":"max-video-preview:-1"},"canonical":"https:\/\/isig.fbk.eu\/it\/ricerca\/","og_locale":"it_IT","og_type":"article","og_url":"https:\/\/isig.fbk.eu\/it\/ricerca\/","og_site_name":"FBK ISIG","article_modified_time":"2026-02-09T12:28:27+00:00","twitter_card":"summary_large_image","twitter_misc":{"Tempo di lettura stimato":"1 minuto"},"schema":{"@context":"https:\/\/schema.org","@graph":[{"@type":"WebPage","@id":"https:\/\/isig.fbk.eu\/it\/ricerca\/","url":"https:\/\/isig.fbk.eu\/it\/ricerca\/","name":"Ricerca - FBK ISIG","isPartOf":{"@id":"https:\/\/isig.fbk.eu\/it\/#website"},"datePublished":"2023-10-25T14:15:14+00:00","dateModified":"2026-02-09T12:28:27+00:00","breadcrumb":{"@id":"https:\/\/isig.fbk.eu\/it\/ricerca\/#breadcrumb"},"inLanguage":"it-IT","potentialAction":[{"@type":"ReadAction","target":["https:\/\/isig.fbk.eu\/it\/ricerca\/"]}]},{"@type":"BreadcrumbList","@id":"https:\/\/isig.fbk.eu\/it\/ricerca\/#breadcrumb","itemListElement":[{"@type":"ListItem","position":1,"name":"Home","item":"https:\/\/isig.fbk.eu\/it\/"},{"@type":"ListItem","position":2,"name":"Ricerca"}]},{"@type":"WebSite","@id":"https:\/\/isig.fbk.eu\/it\/#website","url":"https:\/\/isig.fbk.eu\/it\/","name":"FBK ISIG","description":"Just another WordPress site","potentialAction":[{"@type":"SearchAction","target":{"@type":"EntryPoint","urlTemplate":"https:\/\/isig.fbk.eu\/it\/?s={search_term_string}"},"query-input":{"@type":"PropertyValueSpecification","valueRequired":true,"valueName":"search_term_string"}}],"inLanguage":"it-IT"}]}},"meta_box":{"_more_label":"","_more_page":"","_top_contents":"","_bottom_contents":"","_styles":"","_primary_highlights":[{"from":{"timestamp":"0"},"until":{"timestamp":"0"},"target":"_self","layout":"align-center","size":"half"}],"_secondary_highlights":[{"from":{"timestamp":"0"},"until":{"timestamp":"0"},"target":"_self"}],"_homepage_shortcuts":[{"section_shortcuts":[{"shortcut_thumbnail":{"shortcut_thumbnail_mode":"0"},"shortcut_link":{"shortcut_link_target":"_self"}}]}],"_homepage_call_to_action":{"destination_target":"_self"},"_highlights_limit":"0","_highlights_page":"","_events_limit":"4","_events_page":"","_news_limit":"4","_news_page":"","_contacts_locations_sections":[{"entries":[{"entry_thumbnail":{"entry_thumbnail_mode":"image"}}]}],"type":"fbkevent","category":[],"ordering":"asc","_style":"default","_past_projects_mode":"all","_past_projects_style":"default","_past_projects_limit":"","_projects":[{"style":"default"}],"_sections":[],"_network_and_partners_sections":[],"_tabbed_contents_sections":[],"_blocks":[{"block_title":"Mobilit\u00e0","block_description":"Negli ultimi decenni l\u2019avvento del mobility turn ha portato a una serie di nuove teorie, metodologie e domande di ricerca che riguardano la mobilit\u00e0. Sia le scienze sociali sia le discipline umanistiche analizzano le mobilit\u00e0 come parte integrante di ogni attivit\u00e0 umana. In ISIG ci concentriamo sulla storia delle mobilit\u00e0 riguardanti persone, oggetti e idee, in un contesto transnazionale e globale.","block_thumbnail":{"block_thumbnail_mode":"image","block_thumbnail_image":["28929"]},"links":[{"link_name":"BlackItaly. The Italian Peninsula and the Atlantic Slavery: A Forgotten History","link_mode":"url","link_url":"https:\/\/isig.fbk.eu\/it\/projects\/detail\/blackitaly-the-italian-peninsula-and-the-atlantic-slavery-a-forgotten-history\/","link_target":"_blank"},{"link_name":"HOLYLAB \u2013 A global economic Organization in the Early Modern Period: the Custody of the Holy Land through its account Books (1600-1800) ","link_mode":"url","link_url":"https:\/\/isig.fbk.eu\/it\/projects\/detail\/holylab-a-global-economic-organization-in-the-early-modern-period-the-custody-of-the-holy-land-through-its-account-books-1600-1800\/","link_target":"_blank"},{"link_name":"Il Tesino. Tra storia e memoria","link_mode":"url","link_url":"https:\/\/isig.fbk.eu\/it\/projects\/detail\/il-tesino-tra-storia-e-memoria\/","link_target":"_blank"},{"link_name":"Mapping Mobilities. Un\u2019analisi storica e digitale dell\u2019emigrazione trentina tra Otto e Novecento","link_mode":"url","link_url":"https:\/\/isig.fbk.eu\/it\/projects\/detail\/mapping-mobilities-unanalisi-storica-e-digitale-dellemigrazione-trentina-tra-otto-e-novecento\/","link_target":"_blank"}]},{"block_title":"Media e comunicazione","block_description":"La comunicazione non era qualcosa di astratto nelle societ\u00e0 del passato, ma era un insieme di pratiche e di attivit\u00e0, di persone e di oggetti, di suoni, parole e immagini onnipresenti nella vita culturale, politica e sociale. Media e atti comunicativi avevano un impatto sulle esistenze di uomini e donne, contribuendo a determinare non solo la percezione, ma anche la costruzione della realt\u00e0. Storicizzare un fenomeno come la comunicazione \u00e8 necessario per comprendere una societ\u00e0 del passato e di conseguenza il nostro presente.","block_thumbnail":{"block_thumbnail_mode":"image","block_thumbnail_image":["28930"]},"links":[{"link_name":"Giustizia, societ\u00e0 e immagini nel sistema detentivo trentino in et\u00e0 moderna (sec. XVI-XIX)","link_mode":"url","link_url":"https:\/\/isig.fbk.eu\/it\/projects\/detail\/giustizia-societa-e-immagini-nel-sistema-detentivo-trentino-in-eta-moderna-sec-xvi-xix\/","link_target":"_blank"},{"link_name":"PUblic Renaissance: Urban Cultures of Public Space between Early Modern Europe and the present (PURE)","link_mode":"url","link_url":"https:\/\/isig.fbk.eu\/it\/projects\/detail\/public-renaissance-urban-cultures-of-public-space-between-early-modern-europe-and-the-present-pure\/","link_target":"_blank"},{"link_name":"Mediatizzazione e medialit\u00e0 della storia","link_mode":"url","link_url":"https:\/\/isig.fbk.eu\/it\/projects\/detail\/mediatizzazione-e-medialita-della-storia\/","link_target":"_blank"},{"link_name":"The European Dimension of Popular Print Culture (1500-1900)","link_mode":"url","link_url":"https:\/\/isig.fbk.eu\/it\/projects\/detail\/the-european-dimensions-of-popular-print-culture-1500-1900\/","link_target":"_blank"}]},{"block_title":"Digital and Public History","block_description":"Allo scopo di alimentare la presenza della storia nel dibattito pubblico e di ridurre il divario tra ricerca e societ\u00e0, i ricercatori sono impegnati nell\u2019utilizzo di diversi mezzi, linguaggi e registri per comunicare la storia. Una particolare attenzione \u00e8 riservata al digitale. In ISIG sono attivi numerosi progetti che sperimentano l\u2019uso delle nuove tecnologie non solo come strumenti di ricerca, ma anche come mezzi per comunicare la storia ad un pubblico pi\u00f9 ampio.","block_thumbnail":{"block_thumbnail_mode":"image","block_thumbnail_image":["29506"]},"links":[{"link_name":"HistoryCity Apps","link_mode":"url","link_url":"https:\/\/historycityapps.org\/","link_target":"_blank"},{"link_name":"ALCIDE (Analysis of Language and Content In a Digital Environment)","link_mode":"url","link_url":"https:\/\/isig.fbk.eu\/it\/projects\/detail\/alcide-analysis-of-language-and-content-in-a-digital-environment\/","link_target":"_blank"},{"link_name":"Hidden Trento 900 - La citt\u00e0 al tempo del fascismo","link_mode":"url","link_url":"https:\/\/isig.fbk.eu\/it\/projects\/detail\/hidden-trento-900-la-citta-al-tempo-del-fascismo\/","link_target":"_blank"},{"link_name":"Mapping Mobilities. Un\u2019analisi storica e digitale dell\u2019emigrazione trentina tra Otto e Novecento","link_mode":"url","link_url":"https:\/\/mappingmobilities.fbk.eu\/","link_target":"_blank"}]},{"block_title":"Ambiente","block_description":"La storia ambientale studia con un approccio interdisciplinare le relazioni reciproche tra l'umanit\u00e0 e il resto della natura e indaga i cambiamenti provocati dalla societ\u00e0 sull\u2019ambiente e il clima. In ISIG ci occupiamo delle aree alpine nell\u2019et\u00e0 moderna e contemporanea studiando l\u2019impatto ambientale derivato dallo sfruttamento dei boschi e dei fiumi, utilizzati sia come vie di transito fluviale, sia come fonti di energia idraulica.","block_thumbnail":{"block_thumbnail_mode":"image","block_thumbnail_image":["28973"]},"links":[{"link_name":"Making the Woods. A social history of forests in Fiemme Valley (1866-1914)","link_mode":"url","link_url":"https:\/\/isig.fbk.eu\/it\/projects\/detail\/making-the-woods-a-social-history-of-forests-in-fiemme-valley-1866-1914\/","link_target":"_self"},{"link_name":"Le Dolomiti prima delle Dolomiti: storia di un ambiente di confine (secoli XVI-XVII)","link_mode":"url","link_url":"https:\/\/isig.fbk.eu\/it\/projects\/detail\/le-dolomiti-prima-delle-dolomiti-storia-di-un-ambiente-di-confine-secoli-xvi-xvii\/","link_target":"_self"},{"link_name":"Environment and Infrastructure Challenges, Knowledge and Innovation from the Early Modern Period to the Present","link_mode":"url","link_url":"https:\/\/books.fbk.eu\/pubblicazioni\/titoli\/environment-and-infrastructure\/","link_target":"_self"},{"link_name":"L\u2019altro volto della transizione industriale: il legame nell\u2019epoca dei combustibili fossili","link_mode":"url","link_url":"https:\/\/isig.fbk.eu\/it\/projects\/detail\/laltro-volto-della-transizione-industriale-il-legname-nellepoca-dei-combustibili-fossili\/","link_target":"_blank"},{"link_name":"Atti dei notai ai \"Confini italiani\": i giudizi di Borgo e Primiero - Banca dati (1557-1904)","link_mode":"url","link_url":"https:\/\/isig.fbk.eu\/it\/projects\/detail\/atti-dei-notai-ai-confini-italiani-i-giudizi-di-borgo-e-primiero-banca-dati-1557-1904\/","link_target":"_self"}]},{"block_title":"Politica e societ\u00e0","block_description":"Fin dalla sua fondazione, ISIG \u00e8 attento allo studio delle forme di organizzazione politica e giuridica della societ\u00e0. In dialogo con nuove sfide metodologiche e tematiche messe a punto dalla storiografia contemporanea, vengono analizzati diversi aspetti legati alle traiettorie di sviluppo delle democrazie occidentali, al ruolo delle istituzioni e delle persone nel governo della societ\u00e0, ai processi politici e culturali che influenzano il corso degli eventi e ne ripercorrono le memorie.","block_thumbnail":{"block_thumbnail_mode":"image","block_thumbnail_image":["28917"]},"links":[{"link_name":"Il ruolo del genere nell\u2019assistenza sanitaria. Il caso della famiglia imperiale asburgica (XVI-XVII secolo)","link_mode":"url","link_url":"https:\/\/isig.fbk.eu\/it\/projects\/detail\/il-ruolo-del-genere-nellassistenza-sanitaria-il-caso-della-famiglia-imperiale-asburgica-xvi-xvii-secolo\/","link_target":"_blank"},{"link_name":"Trentino stregato. Per una storia della stregoneria nel Principato e nella Diocesi di Trento (secoli XVI-XVIII)","link_mode":"url","link_url":"https:\/\/isig.fbk.eu\/it\/projects\/detail\/trentino-stregato-per-una-storia-della-stregoneria-nel-principato-e-nella-diocesi-di-trento-secoli-xvi-xviii\/","link_target":"_blank"},{"link_name":"Per una storia dell'eredit\u00e0 materiale del Trentino","link_mode":"url","link_url":"https:\/\/isig.fbk.eu\/it\/projects\/detail\/per-una-storia-delleredita-materiale-del-ventennio-fascista-il-caso-trentino\/","link_target":"_self"},{"link_name":"Alle radici del Trentino contemporaneo: Bruno Kessler e le sfide della modernizzazione","link_mode":"url","link_url":"https:\/\/isig.fbk.eu\/it\/projects\/detail\/alle-radici-del-trentino-contemporaneo-bruno-kessler-e-le-sfide-della-modernizzazione\/","link_target":"_blank"},{"link_name":"DANgerous CROwds in Renaissance Italy. Violence, music and street festive experiences in public spaces (DAN-CRO)","link_mode":"url","link_url":"https:\/\/isig.fbk.eu\/it\/projects\/detail\/dangerous-crowds-in-renaissance-italy-violence-music-and-street-festive-experiences-in-public-spaces-dan-cro\/","link_target":"_blank"},{"link_name":"Giustizia straordinaria e giustizia militare. I processi presso le corti d\u2019assise e nei tribunali militari","link_mode":"url","link_url":"https:\/\/isig.fbk.eu\/it\/projects\/detail\/giustizia-straordinaria-e-giustizia-militare-i-processi-presso-le-corti-dassise-e-nei-tribunali-militari\/","link_target":"_blank"}]}],"_blocks_navigation":"","_latest_publications_limit":"3","_latest_publications_style":"default","_latest_publications_entries":[{"entry_type":"page"}],"_publications_highlights":[{"publication_type":"none"}],"_publications_custom":[],"_publications_filters_years":"","_publications_filters_number_of_years":"","_publications_filters_from_year":"2023","_publications_filters_until_year":"2023","_publications_filters_count":"","_sidebar":"","_outline":"","_outline_title":""},"_links":{"self":[{"href":"https:\/\/isig.fbk.eu\/it\/wp-json\/wp\/v2\/pages\/20504","targetHints":{"allow":["GET"]}}],"collection":[{"href":"https:\/\/isig.fbk.eu\/it\/wp-json\/wp\/v2\/pages"}],"about":[{"href":"https:\/\/isig.fbk.eu\/it\/wp-json\/wp\/v2\/types\/page"}],"author":[{"embeddable":true,"href":"https:\/\/isig.fbk.eu\/it\/wp-json\/wp\/v2\/users\/15"}],"replies":[{"embeddable":true,"href":"https:\/\/isig.fbk.eu\/it\/wp-json\/wp\/v2\/comments?post=20504"}],"version-history":[{"count":0,"href":"https:\/\/isig.fbk.eu\/it\/wp-json\/wp\/v2\/pages\/20504\/revisions"}],"wp:attachment":[{"href":"https:\/\/isig.fbk.eu\/it\/wp-json\/wp\/v2\/media?parent=20504"}],"curies":[{"name":"wp","href":"https:\/\/api.w.org\/{rel}","templated":true}]}}