{"id":21053,"date":"2023-10-09T12:10:42","date_gmt":"2023-10-09T10:10:42","guid":{"rendered":"https:\/\/isig.fbk.eu\/?page_id=21053"},"modified":"2024-05-29T15:52:25","modified_gmt":"2024-05-29T13:52:25","slug":"pubblicazioni-2","status":"publish","type":"page","link":"https:\/\/isig.fbk.eu\/it\/pubblicazioni-2\/","title":{"rendered":"Pubblicazioni"},"content":{"rendered":"<p><span style=\"font-weight: 400;\">Le ricercatrici e i ricercatori dell\u2019Istituto Storico Italo-Germanico pubblicano i risultati delle loro attivit\u00e0 scientifiche sia presso editori esterni e in riviste specialistiche nazionali e internazionali, sia attraverso le collane (5) e i periodici (2) promossi dal Centro stesso, di seguito consultabili.<\/span><\/p>\n<p><span style=\"font-weight: 400;\">Le pubblicazioni di ISIG vengono realizzate in lingue diverse e sono curate dal team editoriale di FBK a partire dal testo originale fino al layout di stampa.<\/span><\/p>\n<p><span style=\"font-weight: 400;\">I volumi sono editi dalla Societ\u00e0 Editrice <\/span><a href=\"https:\/\/www.mulino.it\/collaborazioni\/itcisig\"><span style=\"font-weight: 400;\">il Mulino<\/span><\/a><span style=\"font-weight: 400;\"> di Bologna, dalla casa editrice <\/span><a href=\"https:\/\/www.degruyter.com\/\"><span style=\"font-weight: 400;\">De Gruyter<\/span><\/a><span style=\"font-weight: 400;\"> di Berlino o direttamente con il marchio <\/span><a href=\"https:\/\/books.fbk.eu\/pubblicazioni\/collane\/fbk-press\/\/\"><span style=\"font-weight: 400;\">FBK Press<\/span><\/a><span style=\"font-weight: 400;\">. Sono realizzati prevalentemente in versione cartacea e digitale. Alcuni di tali volumi sono disponibili ad accesso aperto per promuovere la condivisione della conoscenza.<\/span><\/p>\n<p><span style=\"font-weight: 400;\">Le pubblicazioni del Centro sono realizzate con il contributo della Provincia autonoma di Trento.<\/span><\/p>\n<p>&nbsp;<\/p>\n<h2>RIVISTE<\/h2>\n<table width=\"100%\" cellpadding=\"30\">\n<thead><\/thead>\n<tbody>\n<tr>\n<td><img decoding=\"async\" src=\"https:\/\/isig.fbk.eu\/wp-content\/uploads\/2024\/05\/Copertin_Annali_49-2023-2-scaled.jpg\" alt=\"\" width=\"150\" align=\"top\" \/><\/td>\n<td style=\"padding-left: 40px; vertical-align: top;\"><span style=\"font-weight: 400;\"><a href=\"https:\/\/books.fbk.eu\/pubblicazioni\/riviste\/annali-isig\/\">Annali dell\u2019Istituto storico italo-germanico in Trento<\/a><br \/>\n<\/span><span style=\"font-weight: 400;\">Dal 1975 l&#8217;ISIG pubblica gli \u201cAnnali dell&#8217;Istituto storico italo-germanico in Trento \/ Jahrbuch des italienisch-deutschen historischen Instituts in Trient\u201d. La rivista raccoglie i lavori di studiose e studiosi di diverse generazioni e provenienze geografiche, impegnati su temi di ricerca storica che spaziano dalla prima et\u00e0 moderna alla recente contemporaneit\u00e0 in un contesto europeo ed extraeuropeo, con particolare attenzione ai legami tra l\u2019area italiana e quella di lingua tedesca. A partire dal 2018 i fascicoli hanno carattere monografico, sono curati di volta in volta da uno o pi\u00f9 studiosi, comprendono dai cinque ai sette saggi ciascuno e sono in inglese, italiano e tedesco.<\/span>&nbsp;<\/td>\n<\/tr>\n<tr>\n<td><img decoding=\"async\" src=\"https:\/\/isig.fbk.eu\/wp-content\/uploads\/2020\/01\/Logo-ARO-1600x600-px-e1683118160595-1024x1024.jpg\" alt=\"\" width=\"150\" \/><\/td>\n<td style=\"padding-left: 40px; vertical-align: top;\">&nbsp;<\/p>\n<p><a href=\"https:\/\/aro-isig.fbk.eu\/issues\/latest\/\"><span style=\"font-weight: 400;\">ARO &#8211; Annali.Recensioni.Online<\/span><span style=\"font-weight: 400;\"><br \/>\n<\/span><\/a><span style=\"font-weight: 400;\">&#8220;Annali.Recensioni.Online\u201c (ARO) \u00e8 una rivista elettronica di recensioni dedicata alle novit\u00e0 della letteratura scientifica e si concentra sulle opere pi\u00f9 recenti riguardanti la storia europea, con un\u2019attenzione particolare alle aree di lingua italiana e tedesca. ARO propone un approccio trasversale alle diverse epoche storiche, e riveste un carattere interdisciplinare e internazionale.<\/span><\/td>\n<\/tr>\n<\/tbody>\n<\/table>\n<p><\/br><\/p>\n<h2>COLLANE ATTIVE<\/h2>\n<p><\/br><\/p>\n<table width=\"100%\" cellpadding=\"30\">\n<thead><\/thead>\n<tbody>\n<tr>\n<td><img decoding=\"async\" src=\"https:\/\/isig.fbk.eu\/wp-content\/uploads\/2024\/05\/Copertina_Quaderno_106.jpg\" alt=\"\" width=\"150\" \/><\/td>\n<td style=\"padding-left: 40px; vertical-align: top;\"><a href=\"https:\/\/books.fbk.eu\/pubblicazioni\/collane\/quaderni\/\/\"><span style=\"font-weight: 400;\">Quaderni<\/span><span style=\"font-weight: 400;\"><br \/>\n<\/span><\/a><span style=\"font-weight: 400;\">La collana pubblica gli atti delle \u00abSettimane di Studio\u00bb e dei principali convegni dell&#8217;Istituto Storico Italo-Germanico. Le pubblicazioni sono edite dalla Societ\u00e0 editrice il Mulino e disponibili nella duplice edizione cartacea e digitale, in alcuni casi anche in modalit\u00e0 open access. A partire dal 2018 la collana Quaderni ospita anche gli studi monografici condotti dai ricercatori dell\u2019Istituto Storico Italo-Germanico, ovvero da studiosi esterni che collaborano con il Centro o vi sono legati per consonanza di temi storiografici e di metodo.<\/span><\/td>\n<\/tr>\n<tr>\n<td><img decoding=\"async\" src=\"https:\/\/isig.fbk.eu\/wp-content\/uploads\/2024\/05\/Copertina_SEMC_6.jpeg\" alt=\"\" width=\"150\" \/><\/td>\n<td style=\"padding-left: 40px; vertical-align: top;\"><a href=\"https:\/\/books.fbk.eu\/pubblicazioni\/collane\/studies-early-modern-and-contemporary-history-semc\/\"><span style=\"font-weight: 400;\">Studies in Early Modern and Contemporary History (SEMC)<\/span><span style=\"font-weight: 400;\"><br \/>\n<\/span><\/a><span style=\"font-weight: 400;\">Le pubblicazioni sono edite dalla casa editrice De Gruyter e propongono gli atti dei principali convegni dell&#8217;Istituto in lingua inglese o tedesca. La serie include anche volumi collettanei e monografie curate e scritte da studiosi esterni, attivi in ambiti storiografici centrali anche per ISIG. Il focus principale \u00e8 la storia europea, con particolare attenzione alla storia delle relazioni italo-tedesche. Un pregio della serie \u00e8 la prospettiva cronologica di lungo periodo, caratteristica distintiva dell&#8217;Istituto.<\/span><\/td>\n<\/tr>\n<tr>\n<td><img decoding=\"async\" src=\"https:\/\/isig.fbk.eu\/wp-content\/uploads\/2024\/05\/Copertina_Transfer_3.jpg\" alt=\"\" width=\"150\" \/><\/td>\n<td style=\"padding-left: 40px; vertical-align: top;\"><a href=\"https:\/\/books.fbk.eu\/pubblicazioni\/collane\/transfer\/\">Transfer<\/a><br \/>\nLa collana, edita dalla casa editrice De Gruyter, \u00e8 dedicata alla pubblicazione delle traduzioni di studi storici italiani recenti. I titoli scelti sono gi\u00e0 pubblicati da importanti case editrici italiane e hanno ottenuto una ricezione positiva in Italia. ISIG spera di stimolare l&#8217;interesse dei lettori tedescofoni per varie epoche della storia italiana ed europea con la traduzione di questi lavori in tedesco. Transfer ha un approccio che tiene in considerazione epoche e culture diverse.<\/td>\n<\/tr>\n<tr>\n<td><img decoding=\"async\" src=\"https:\/\/isig.fbk.eu\/wp-content\/uploads\/2024\/05\/Copertina_Fonti_13.jpg\" alt=\"\" width=\"150\" \/><\/td>\n<td style=\"padding-left: 40px; vertical-align: top;\"><a href=\"https:\/\/books.fbk.eu\/pubblicazioni\/collane\/fonti\/\"><span style=\"font-weight: 400;\">Fonti<\/span><span style=\"font-weight: 400;\"><br \/>\n<\/span><\/a><span style=\"font-weight: 400;\">I volumi di questa collana sono uno strumento di divulgazione di fonti storiche e fondi archivistici non sempre facilmente accessibili. Le pubblicazioni sono edite da FBK Press dal 2020 (precedentemente erano edite dalla Societ\u00e0 editrice il Mulino) e consultabili in modalit\u00e0 open access.<\/span><\/td>\n<\/tr>\n<tr>\n<td><img decoding=\"async\" src=\"https:\/\/isig.fbk.eu\/wp-content\/uploads\/2024\/05\/Copertina_FBK-Press_20.jpg\" alt=\"\" width=\"150\" \/><\/td>\n<td style=\"padding-left: 40px; vertical-align: top;\"><a href=\"https:\/\/books.fbk.eu\/pubblicazioni\/collane\/fbk-press\/\"><span style=\"font-weight: 400;\">FBK Press<\/span><span style=\"font-weight: 400;\"><br \/>\n<\/span><\/a><span style=\"font-weight: 400;\">Le pubblicazioni FBK Press si propongono di diffondere i risultati di ricerche svolte presso la Fondazione Bruno Kessler a un pubblico ampio, con particolare attenzione alla dimensione territoriale trentina e alle nuove generazioni.<\/span><\/td>\n<\/tr>\n<\/tbody>\n<\/table>\n<p>&nbsp;<\/br><\/p>\n<h2>COLLANE 1976-2018<\/h2>\n<p><\/br><\/p>\n<table width=\"100%\" cellpadding=\"25\">\n<thead><\/thead>\n<tbody>\n<tr>\n<td><img decoding=\"async\" src=\"https:\/\/isig.fbk.eu\/wp-content\/uploads\/2024\/05\/Copertina_Monografie_68.png\" alt=\"\" width=\"150\" \/><\/td>\n<td style=\"padding-left: 40px; vertical-align: top;\"><a href=\"https:\/\/books.fbk.eu\/pubblicazioni\/collane\/monografie\/\"><span style=\"font-weight: 400;\">Monografie<\/span><span style=\"font-weight: 400;\"><br \/>\n<\/span><\/a><span style=\"font-weight: 400;\">La collana ha ospitato i risultati di ricerche individuali dei ricercatori dell&#8217;Istituto Storico Italo-Germanico, ma anche di studiosi esterni che hanno collaborato con il Centro o sono stati ad esso legati per consonanza di temi storiografici e di metodo. I volumi sono editi dalla Societ\u00e0 editrice il Mulino e disponibili in versione cartacea e e-book, in alcuni casi anche in modalit\u00e0 open access. A partire dal 2018 la collana Monografie \u00e8 confluita nella collana Quaderni.<\/span><\/td>\n<\/tr>\n<tr>\n<td><img decoding=\"async\" src=\"https:\/\/isig.fbk.eu\/wp-content\/uploads\/2024\/05\/Copertina_Contributi_33.png\" alt=\"\" width=\"150\" \/><\/td>\n<td style=\"padding-left: 40px; vertical-align: top;\"><a href=\"https:\/\/books.fbk.eu\/pubblicazioni\/collane\/contributi-beitrage\/\"><span style=\"font-weight: 400;\">Contributi\/Beitr\u00e4ge<\/span><span style=\"font-weight: 400;\"><br \/>\n<\/span><\/a><span style=\"font-weight: 400;\">La collana, edita in coedizione tra la Societ\u00e0 Editrice il Mulino e Duncker &amp; Humblot Verlag, ha proposto\u00a0 i risultati di ricerche storiche dalla prima et\u00e0 moderna al passato pi\u00f9 recente, inserite in un orizzonte internazionale. I volumi sono stati pubblicati in lingue diverse, prevalentemente in inglese.<\/span><\/td>\n<\/tr>\n<tr>\n<td><img decoding=\"async\" src=\"https:\/\/isig.fbk.eu\/wp-content\/uploads\/2024\/05\/Copertina_Schriften_29.jpg\" alt=\"\" width=\"150\" \/><\/td>\n<td style=\"padding-left: 40px; vertical-align: top;\"><a href=\"https:\/\/books.fbk.eu\/pubblicazioni\/collane\/schriften\/\"><span style=\"font-weight: 400;\">Schriften<\/span><span style=\"font-weight: 400;\"><br \/>\n<\/span><\/a><span style=\"font-weight: 400;\">Gli Schriften sono stati la collana in lingua tedesca dell&#8217;Istituto Storico Italo-Germanico. I volumi, editi da Duncker &amp; Humblot Verlag, sono disponibili in versione cartacea ed e-book.<\/span><\/td>\n<\/tr>\n<\/tbody>\n<\/table>\n","protected":false},"excerpt":{"rendered":"<p>Le ricercatrici e i ricercatori dell\u2019Istituto Storico Italo-Germanico pubblicano i risultati delle loro attivit\u00e0 scientifiche sia presso editori esterni e in riviste specialistiche nazionali e internazionali, sia attraverso le collane (5) e i periodici (2) promossi dal Centro stesso, di seguito consultabili. Le pubblicazioni di ISIG vengono realizzate in lingue diverse e sono curate dal [&hellip;]<\/p>\n","protected":false},"author":4,"featured_media":0,"parent":0,"menu_order":0,"comment_status":"closed","ping_status":"closed","template":"","meta":{"footnotes":""},"class_list":["post-21053","page","type-page","status-publish","hentry"],"yoast_head":"<!-- This site is optimized with the Yoast SEO plugin v27.5 - https:\/\/yoast.com\/product\/yoast-seo-wordpress\/ -->\n<title>Pubblicazioni - FBK ISIG<\/title>\n<meta name=\"robots\" content=\"index, follow, max-snippet:-1, max-image-preview:large, max-video-preview:-1\" \/>\n<link rel=\"canonical\" href=\"https:\/\/isig.fbk.eu\/it\/pubblicazioni-2\/\" \/>\n<meta property=\"og:locale\" content=\"it_IT\" \/>\n<meta property=\"og:type\" content=\"article\" \/>\n<meta property=\"og:url\" content=\"https:\/\/isig.fbk.eu\/it\/pubblicazioni-2\/\" \/>\n<meta property=\"og:site_name\" content=\"FBK ISIG\" \/>\n<meta property=\"article:modified_time\" content=\"2024-05-29T13:52:25+00:00\" \/>\n<meta property=\"og:image\" content=\"https:\/\/isig.fbk.eu\/wp-content\/uploads\/2024\/05\/Copertin_Annali_49-2023-2-scaled.jpg\" \/>\n<meta name=\"twitter:card\" content=\"summary_large_image\" \/>\n<meta name=\"twitter:label1\" content=\"Tempo di lettura stimato\" \/>\n\t<meta name=\"twitter:data1\" content=\"7 minuti\" \/>\n<script type=\"application\/ld+json\" class=\"yoast-schema-graph\">{\"@context\":\"https:\\\/\\\/schema.org\",\"@graph\":[{\"@type\":\"WebPage\",\"@id\":\"https:\\\/\\\/isig.fbk.eu\\\/it\\\/pubblicazioni-2\\\/\",\"url\":\"https:\\\/\\\/isig.fbk.eu\\\/it\\\/pubblicazioni-2\\\/\",\"name\":\"Pubblicazioni - FBK ISIG\",\"isPartOf\":{\"@id\":\"https:\\\/\\\/isig.fbk.eu\\\/it\\\/#website\"},\"primaryImageOfPage\":{\"@id\":\"https:\\\/\\\/isig.fbk.eu\\\/it\\\/pubblicazioni-2\\\/#primaryimage\"},\"image\":{\"@id\":\"https:\\\/\\\/isig.fbk.eu\\\/it\\\/pubblicazioni-2\\\/#primaryimage\"},\"thumbnailUrl\":\"https:\\\/\\\/isig.fbk.eu\\\/wp-content\\\/uploads\\\/2024\\\/05\\\/Copertin_Annali_49-2023-2-scaled.jpg\",\"datePublished\":\"2023-10-09T10:10:42+00:00\",\"dateModified\":\"2024-05-29T13:52:25+00:00\",\"breadcrumb\":{\"@id\":\"https:\\\/\\\/isig.fbk.eu\\\/it\\\/pubblicazioni-2\\\/#breadcrumb\"},\"inLanguage\":\"it-IT\",\"potentialAction\":[{\"@type\":\"ReadAction\",\"target\":[\"https:\\\/\\\/isig.fbk.eu\\\/it\\\/pubblicazioni-2\\\/\"]}]},{\"@type\":\"ImageObject\",\"inLanguage\":\"it-IT\",\"@id\":\"https:\\\/\\\/isig.fbk.eu\\\/it\\\/pubblicazioni-2\\\/#primaryimage\",\"url\":\"https:\\\/\\\/isig.fbk.eu\\\/wp-content\\\/uploads\\\/2024\\\/05\\\/Copertin_Annali_49-2023-2-scaled.jpg\",\"contentUrl\":\"https:\\\/\\\/isig.fbk.eu\\\/wp-content\\\/uploads\\\/2024\\\/05\\\/Copertin_Annali_49-2023-2-scaled.jpg\"},{\"@type\":\"BreadcrumbList\",\"@id\":\"https:\\\/\\\/isig.fbk.eu\\\/it\\\/pubblicazioni-2\\\/#breadcrumb\",\"itemListElement\":[{\"@type\":\"ListItem\",\"position\":1,\"name\":\"Home\",\"item\":\"https:\\\/\\\/isig.fbk.eu\\\/it\\\/\"},{\"@type\":\"ListItem\",\"position\":2,\"name\":\"Pubblicazioni\"}]},{\"@type\":\"WebSite\",\"@id\":\"https:\\\/\\\/isig.fbk.eu\\\/it\\\/#website\",\"url\":\"https:\\\/\\\/isig.fbk.eu\\\/it\\\/\",\"name\":\"FBK ISIG\",\"description\":\"Just another WordPress site\",\"potentialAction\":[{\"@type\":\"SearchAction\",\"target\":{\"@type\":\"EntryPoint\",\"urlTemplate\":\"https:\\\/\\\/isig.fbk.eu\\\/it\\\/?s={search_term_string}\"},\"query-input\":{\"@type\":\"PropertyValueSpecification\",\"valueRequired\":true,\"valueName\":\"search_term_string\"}}],\"inLanguage\":\"it-IT\"}]}<\/script>\n<!-- \/ Yoast SEO plugin. -->","yoast_head_json":{"title":"Pubblicazioni - FBK ISIG","robots":{"index":"index","follow":"follow","max-snippet":"max-snippet:-1","max-image-preview":"max-image-preview:large","max-video-preview":"max-video-preview:-1"},"canonical":"https:\/\/isig.fbk.eu\/it\/pubblicazioni-2\/","og_locale":"it_IT","og_type":"article","og_url":"https:\/\/isig.fbk.eu\/it\/pubblicazioni-2\/","og_site_name":"FBK ISIG","article_modified_time":"2024-05-29T13:52:25+00:00","og_image":[{"url":"https:\/\/isig.fbk.eu\/wp-content\/uploads\/2024\/05\/Copertin_Annali_49-2023-2-scaled.jpg","type":"","width":"","height":""}],"twitter_card":"summary_large_image","twitter_misc":{"Tempo di lettura stimato":"7 minuti"},"schema":{"@context":"https:\/\/schema.org","@graph":[{"@type":"WebPage","@id":"https:\/\/isig.fbk.eu\/it\/pubblicazioni-2\/","url":"https:\/\/isig.fbk.eu\/it\/pubblicazioni-2\/","name":"Pubblicazioni - FBK ISIG","isPartOf":{"@id":"https:\/\/isig.fbk.eu\/it\/#website"},"primaryImageOfPage":{"@id":"https:\/\/isig.fbk.eu\/it\/pubblicazioni-2\/#primaryimage"},"image":{"@id":"https:\/\/isig.fbk.eu\/it\/pubblicazioni-2\/#primaryimage"},"thumbnailUrl":"https:\/\/isig.fbk.eu\/wp-content\/uploads\/2024\/05\/Copertin_Annali_49-2023-2-scaled.jpg","datePublished":"2023-10-09T10:10:42+00:00","dateModified":"2024-05-29T13:52:25+00:00","breadcrumb":{"@id":"https:\/\/isig.fbk.eu\/it\/pubblicazioni-2\/#breadcrumb"},"inLanguage":"it-IT","potentialAction":[{"@type":"ReadAction","target":["https:\/\/isig.fbk.eu\/it\/pubblicazioni-2\/"]}]},{"@type":"ImageObject","inLanguage":"it-IT","@id":"https:\/\/isig.fbk.eu\/it\/pubblicazioni-2\/#primaryimage","url":"https:\/\/isig.fbk.eu\/wp-content\/uploads\/2024\/05\/Copertin_Annali_49-2023-2-scaled.jpg","contentUrl":"https:\/\/isig.fbk.eu\/wp-content\/uploads\/2024\/05\/Copertin_Annali_49-2023-2-scaled.jpg"},{"@type":"BreadcrumbList","@id":"https:\/\/isig.fbk.eu\/it\/pubblicazioni-2\/#breadcrumb","itemListElement":[{"@type":"ListItem","position":1,"name":"Home","item":"https:\/\/isig.fbk.eu\/it\/"},{"@type":"ListItem","position":2,"name":"Pubblicazioni"}]},{"@type":"WebSite","@id":"https:\/\/isig.fbk.eu\/it\/#website","url":"https:\/\/isig.fbk.eu\/it\/","name":"FBK ISIG","description":"Just another WordPress site","potentialAction":[{"@type":"SearchAction","target":{"@type":"EntryPoint","urlTemplate":"https:\/\/isig.fbk.eu\/it\/?s={search_term_string}"},"query-input":{"@type":"PropertyValueSpecification","valueRequired":true,"valueName":"search_term_string"}}],"inLanguage":"it-IT"}]}},"meta_box":{"_more_label":"","_more_page":"","_top_contents":"","_bottom_contents":"","_styles":"","_primary_highlights":[{"from":{"timestamp":"0"},"until":{"timestamp":"0"},"target":"_self","layout":"align-center","size":"half"}],"_secondary_highlights":[{"from":{"timestamp":"0"},"until":{"timestamp":"0"},"target":"_self"}],"_homepage_shortcuts":[{"section_shortcuts":[{"shortcut_thumbnail":{"shortcut_thumbnail_mode":"0"},"shortcut_link":{"shortcut_link_target":"_self"}}]}],"_homepage_call_to_action":{"destination_target":"_self"},"_highlights_limit":"0","_highlights_page":"","_events_limit":"4","_events_page":"","_news_limit":"4","_news_page":"","_contacts_locations_sections":[{"entries":[{"entry_thumbnail":{"entry_thumbnail_mode":"image"}}]}],"type":"fbkevent","category":[],"ordering":"asc","_style":"default","_past_projects_mode":"all","_past_projects_style":"default","_past_projects_limit":"","_projects":[{"style":"default"}],"_sections":[],"_network_and_partners_sections":[],"_tabbed_contents_sections":[],"_blocks":[{"block_thumbnail":{"block_thumbnail_mode":"none"},"links":[{"link_target":"_self"}]}],"_blocks_navigation":"","_latest_publications_limit":"3","_latest_publications_style":"default","_latest_publications_entries":[{"entry_type":"page"}],"_publications_highlights":[{"publication_type":"none"}],"_publications_custom":[],"_publications_filters_years":"","_publications_filters_number_of_years":"","_publications_filters_from_year":"2023","_publications_filters_until_year":"2023","_publications_filters_count":"","_sidebar":"","_outline":"","_outline_title":""},"_links":{"self":[{"href":"https:\/\/isig.fbk.eu\/it\/wp-json\/wp\/v2\/pages\/21053","targetHints":{"allow":["GET"]}}],"collection":[{"href":"https:\/\/isig.fbk.eu\/it\/wp-json\/wp\/v2\/pages"}],"about":[{"href":"https:\/\/isig.fbk.eu\/it\/wp-json\/wp\/v2\/types\/page"}],"author":[{"embeddable":true,"href":"https:\/\/isig.fbk.eu\/it\/wp-json\/wp\/v2\/users\/4"}],"replies":[{"embeddable":true,"href":"https:\/\/isig.fbk.eu\/it\/wp-json\/wp\/v2\/comments?post=21053"}],"version-history":[{"count":0,"href":"https:\/\/isig.fbk.eu\/it\/wp-json\/wp\/v2\/pages\/21053\/revisions"}],"wp:attachment":[{"href":"https:\/\/isig.fbk.eu\/it\/wp-json\/wp\/v2\/media?parent=21053"}],"curies":[{"name":"wp","href":"https:\/\/api.w.org\/{rel}","templated":true}]}}