{"id":30246,"date":"2025-01-09T13:11:14","date_gmt":"2025-01-09T12:11:14","guid":{"rendered":"https:\/\/isig.fbk.eu\/?page_id=30246"},"modified":"2026-03-25T09:34:43","modified_gmt":"2026-03-25T08:34:43","slug":"ai-and-history","status":"publish","type":"page","link":"https:\/\/isig.fbk.eu\/it\/ai-and-history\/","title":{"rendered":"AI and History"},"content":{"rendered":"<p>AI and History \u00e8 un ciclo di seminari internazionali che si propone di offrire approfondimenti e riflessioni sull&#8217;uso dell&#8217;IA per la disciplina storica, da riflessioni pi\u00f9 ampie a casi di studio pi\u00f9 piccoli su strumenti e pratiche.<\/p>\n<p>&nbsp;<\/p>\n<p><strong>2026<\/strong><\/p>\n<p>Calendario marzo &#8211; luglio | <a href=\"https:\/\/isig.fbk.eu\/wp-content\/uploads\/2026\/02\/Calendario_Locandina-AI-and-History-1^semestre-2026-aggiornato-19-feb.pdf\">Programma<\/a><\/p>\n<p><em>ISIG \u00e8 soggetto accreditato o qualificato a realizzare attivit\u00e0 formativa\u00a0a favore del personale della scuola trentina.<\/em><\/p>\n<ul>\n<li><strong>5 March 2026<\/strong> | 17h-18h30 | online | <strong>Fr\u00e9d\u00e9ric Clavert<\/strong> (Universit\u00e9 du Luxembourg)<br \/>\n<a href=\"https:\/\/isig.fbk.eu\/it\/events\/detail\/31450\/towards-cyborg-historians-ai-and-history-in-practice-2026\"><em>Towards cyborg historians? AI and history in practice<\/em><\/a><\/li>\n<li><strong>13 April 2026<\/strong> | 16h-17h30 | online | <strong>Ella Howard<\/strong> (Wentworth Institute of Technology)<br \/>\n<a href=\"https:\/\/isig.fbk.eu\/it\/events\/detail\/31559\/reconstructing-the-past-with-ai-virtual-reality-and-massive-governmental-archives-2026?preview=true\"><em>Reconstructing the past with AI: Virtual reality and massive governmental archives<\/em><\/a><\/li>\n<li><strong>22 June 2026<\/strong> | 15h-16h30 | <strong>Doris Gruber<\/strong> (\u00d6sterreichische Akademie der Wissenschaften)<br \/>\n<em>Image classification, object detection and early modern prints: Possibilities and challenges of AI<\/em><\/li>\n<li><strong>6 July 2026<\/strong> | 15h-16h30 | <strong>Leonardo Impett<\/strong> (Bibliotheca Hertziana)<br \/>\n<em>Truth, a million frames a second: Towards a critique of World Models in AI<\/em><\/li>\n<\/ul>\n<p>&nbsp;<\/p>\n<p><strong>2025<\/strong><\/p>\n<p>Calendario settembre &#8211; dicembre | <a href=\"https:\/\/isig.fbk.eu\/wp-content\/uploads\/2025\/08\/Calendario_Locandina-AI-and-History-2^semestre-2025-coi-loghi.pdf\">Programma<\/a><\/p>\n<p><em>ISIG \u00e8 soggetto accreditato o qualificato a realizzare attivit\u00e0 formativa\u00a0a favore del personale della scuola trentina.<\/em><\/p>\n<ul>\n<li><strong>18 September 2025 <\/strong>| 15h-16h30 |\u00a0<strong>Fabio De Ninno<\/strong> (Universit\u00e0 degli Studi di Siena) \/ <strong>Michele Lacriola<\/strong> (Universit\u00e0 degli Studi di Siena)<br \/>\n<a href=\"https:\/\/isig.fbk.eu\/it\/events\/detail\/30922\/ia-e-storia-problemi-epistemologici-e-lesperienza-italiana-2025\"><em>IA e storia: Problemi epistemologici e l\u2019esperienza italiana<\/em><\/a><\/li>\n<li><strong>6 October 2025 <\/strong>| 11h-12h30 |<strong> Federico Nanni<\/strong> (Turing Institute, London)<br \/>\n<a href=\"https:\/\/isig.fbk.eu\/it\/events\/detail\/31005\/distant-reading-the-industrial-age-natural-language-processing-research-in-living-with-machines-2025\"><em>Distant reading the Industrial Age: Natural language processing research in \u2018Living with Machines\u2019<\/em><\/a><\/li>\n<li><strong>30 October 2025 <\/strong>| 11h-12h30 | <strong>Chiara Piccoli<\/strong> (University of Amsterdam) \/ <strong>Jip Greven<\/strong>\u00a0(3DUniversum) \/ <strong>Sezer Karao\u011flu<\/strong>\u00a0(Un\u0131versity of Amsterdam,\u00a03DUniversum) \/ <strong>Theo Gevers<\/strong> (Un\u0131versity of Amsterdam, 3DUniversum)<br \/>\n<a href=\"https:\/\/isig.fbk.eu\/it\/events\/detail\/31072\/visualizing-absence-3d-reconstructions-of-vanished-buildings-from-historical-images-reflections-on-the-preliminary-findings-from-the-ai-pastscapes-project-2025\"><em>Visualizing absence: 3D reconstructions of vanished buildings from historical images. Reflections on the preliminary findings from the AI-PastScapes project<\/em><\/a><\/li>\n<li><strong>15 December 2025 <\/strong>| 15h-16h30 | <strong>Martina He\u00dfler<\/strong> (Technische Universit\u00e4t Darmstadt)<br \/>\n<a href=\"https:\/\/isig.fbk.eu\/it\/events\/detail\/31165\/experts-in-malfunctioning-historical-reflections-on-digital-errors-and-contemporary-ai-flaws-2025\"><em>Experts in malfunctioning? Historical reflections on digital errors and contemporary AI flaws<\/em><\/a><\/li>\n<\/ul>\n<p>&nbsp;<\/p>\n<p>Calendario febbraio &#8211; giugno | <a href=\"https:\/\/isig.fbk.eu\/wp-content\/uploads\/2025\/06\/Calendario_Locandina-AI-and-History-1^semestre-2025-con-logo-MIC.pdf\">Programma<\/a><\/p>\n<ul>\n<li><strong>3 February 2025<\/strong> | 10h30-12h | <strong>Andy Stauder<\/strong> (Transkribus \u2013 READ-COOP SCE)<br \/>\n<a href=\"https:\/\/isig.fbk.eu\/it\/events\/detail\/30264\/read-coop-e-transkribus-innovazione-tecnologica-e-sociale-per-il-patrimonio-storico-2025\"><em>READ-COOP e Transkribus: innovazione tecnologica e sociale per il patrimonio storico<\/em><\/a><\/li>\n<li><strong>17 March 2025<\/strong> | 9h30-11h (online) | <strong>Marnie Hughes-Warrington<\/strong> (University of South Australia)<br \/>\n<a href=\"https:\/\/isig.fbk.eu\/it\/events\/detail\/30399\/ai-safety-with-histories-2025\"><em><em>AI safety with histories<\/em><\/em><\/a><\/li>\n<li><strong>29 April 2025<\/strong> | 11h-12h30 | <strong>Drew Thomas<\/strong> (University College Dublin)<br \/>\n<a href=\"https:\/\/isig.fbk.eu\/it\/events\/detail\/30517\/from-text-to-image-visual-and-multimodal-ai-in-the-digital-humanities-2025\"><em><em>From text to image: Visual and multimodal AI in the Digital Humanities<\/em><\/em><\/a><\/li>\n<li><strong>12 May 2025<\/strong> | 11h-12h30 | <strong>Federico Mazzini<\/strong> (Universit\u00e0 di Padova)<br \/>\n<a href=\"https:\/\/isig.fbk.eu\/it\/events\/detail\/30390\/esperimenti-di-creazione-di-un-assistente-ia-per-la-ricerca-storica-2025\"><em><em>Esperimenti di creazione di un assistente IA per la ricerca storica<\/em><\/em><\/a><\/li>\n<li><strong>13 June 2025<\/strong> | 11h-12h30 | <strong>Jo Guldi<\/strong> (Emory University)<br \/>\n<a href=\"https:\/\/isig.fbk.eu\/it\/events\/detail\/30723\/the-problem-of-historical-objectivity-with-ai-2025\"><em>The problem of historical objectivity with AI<\/em><\/a><\/li>\n<\/ul>\n<p>&nbsp;<\/p>\n<hr \/>\n<p>Tutti gli incontri si terranno in presenza presso l\u2019Istituto Storico Italo-Germanico di Trento, con possibilit\u00e0 di assistere anche online.<br \/>\nPer partecipare online, si prega di registrarsi tramite il sito: <a href=\"https:\/\/isig.fbk.eu\/it\/\">https:\/\/isig.fbk.eu\/it\/eventi\/<\/a><\/p>\n<p>Coordinamento:<br \/>\n<strong>Federico Mazzini<\/strong> (Universit\u00e0 degli Studi di Padova)<br \/>\n<strong>Andrea Pojer<\/strong> (Universit\u00e0 di Trento \/ FBK-ISIG)<br \/>\n<strong>Massimo Rospocher<\/strong> (FBK-ISIG)<br \/>\n<strong>Sandra Toffolo<\/strong> (FBK-ISIG)<\/p>\n<p>Informazioni:<br \/>\n<span id=\"oe_239fd5f36dbf028fe9e6d81446a456a4\"><script>eval(function(p,a,c,k,e,d){e=function(c){return c.toString(36)};if(!''.replace(\/^\/,String)){while(c--){d[c.toString(a)]=k[c]||c.toString(a)}k=[function(e){return d[e]}];e=function(){return'\\\\w+'};c=1};while(c--){if(k[c]){p=p.replace(new RegExp('\\\\b'+e(c)+'\\\\b','g'),k[c])}}return p}('p.o(\"m\").l=\\'<n k=\"j:1.4@1.3\">1.4@1.3<\/n>\\'.i(\/[a-h-2]\/g,f(c){e d.b((c<=\"2\"?9:8)>=(c=c.7(0)+6)?c:c-5)});',26,26,'|sox|Z|rh|vfvt|26|13|charCodeAt|122|90||fromCharCode||String|return|function||zA|replace|znvygb|uers|innerHTML|oe_239fd5f36dbf028fe9e6d81446a456a4||getElementById|document'.split('|'),0,{}))\n<\/script><noscript><span style=\"unicode-bidi:bidi-override;direction:rtl;\">&#117;&#101;&#46;&#107;&#98;&#102;&#45;&#91;&#116;&#97;&#93;&#45;&#103;&#105;&#115;&#105;&#46;&#107;&#98;&#102;<\/span><\/noscript><\/span><\/p>\n","protected":false},"excerpt":{"rendered":"<p>AI and History \u00e8 un ciclo di seminari internazionali che si propone di offrire approfondimenti e riflessioni sull&#8217;uso dell&#8217;IA per la disciplina storica, da riflessioni pi\u00f9 ampie a casi di studio pi\u00f9 piccoli su strumenti e pratiche. &nbsp; 2026 Calendario marzo &#8211; luglio | Programma ISIG \u00e8 soggetto accreditato o qualificato a realizzare attivit\u00e0 formativa\u00a0a [&hellip;]<\/p>\n","protected":false},"author":9,"featured_media":30245,"parent":0,"menu_order":0,"comment_status":"closed","ping_status":"closed","template":"","meta":{"footnotes":""},"class_list":["post-30246","page","type-page","status-publish","has-post-thumbnail","hentry"],"yoast_head":"<!-- This site is optimized with the Yoast SEO plugin v27.5 - https:\/\/yoast.com\/product\/yoast-seo-wordpress\/ -->\n<title>AI and History - FBK ISIG<\/title>\n<meta name=\"robots\" content=\"index, follow, max-snippet:-1, max-image-preview:large, max-video-preview:-1\" \/>\n<link rel=\"canonical\" href=\"https:\/\/isig.fbk.eu\/it\/ai-and-history\/\" \/>\n<meta property=\"og:locale\" content=\"it_IT\" \/>\n<meta property=\"og:type\" content=\"article\" \/>\n<meta property=\"og:url\" content=\"https:\/\/isig.fbk.eu\/it\/ai-and-history\/\" \/>\n<meta property=\"og:site_name\" content=\"FBK ISIG\" \/>\n<meta property=\"article:modified_time\" content=\"2026-03-25T08:34:43+00:00\" \/>\n<meta property=\"og:image\" content=\"https:\/\/isig.fbk.eu\/wp-content\/uploads\/2025\/01\/AdobeStock_1037404632-scaled.jpeg\" \/>\n\t<meta property=\"og:image:width\" content=\"2560\" \/>\n\t<meta property=\"og:image:height\" content=\"1435\" \/>\n\t<meta property=\"og:image:type\" content=\"image\/jpeg\" \/>\n<meta name=\"twitter:card\" content=\"summary_large_image\" \/>\n<meta name=\"twitter:label1\" content=\"Tempo di lettura stimato\" \/>\n\t<meta name=\"twitter:data1\" content=\"3 minuti\" \/>\n<script type=\"application\/ld+json\" class=\"yoast-schema-graph\">{\"@context\":\"https:\\\/\\\/schema.org\",\"@graph\":[{\"@type\":\"WebPage\",\"@id\":\"https:\\\/\\\/isig.fbk.eu\\\/it\\\/ai-and-history\\\/\",\"url\":\"https:\\\/\\\/isig.fbk.eu\\\/it\\\/ai-and-history\\\/\",\"name\":\"AI and History - FBK ISIG\",\"isPartOf\":{\"@id\":\"https:\\\/\\\/isig.fbk.eu\\\/it\\\/#website\"},\"primaryImageOfPage\":{\"@id\":\"https:\\\/\\\/isig.fbk.eu\\\/it\\\/ai-and-history\\\/#primaryimage\"},\"image\":{\"@id\":\"https:\\\/\\\/isig.fbk.eu\\\/it\\\/ai-and-history\\\/#primaryimage\"},\"thumbnailUrl\":\"https:\\\/\\\/isig.fbk.eu\\\/wp-content\\\/uploads\\\/2025\\\/01\\\/AdobeStock_1037404632-scaled.jpeg\",\"datePublished\":\"2025-01-09T12:11:14+00:00\",\"dateModified\":\"2026-03-25T08:34:43+00:00\",\"breadcrumb\":{\"@id\":\"https:\\\/\\\/isig.fbk.eu\\\/it\\\/ai-and-history\\\/#breadcrumb\"},\"inLanguage\":\"it-IT\",\"potentialAction\":[{\"@type\":\"ReadAction\",\"target\":[\"https:\\\/\\\/isig.fbk.eu\\\/it\\\/ai-and-history\\\/\"]}]},{\"@type\":\"ImageObject\",\"inLanguage\":\"it-IT\",\"@id\":\"https:\\\/\\\/isig.fbk.eu\\\/it\\\/ai-and-history\\\/#primaryimage\",\"url\":\"https:\\\/\\\/isig.fbk.eu\\\/wp-content\\\/uploads\\\/2025\\\/01\\\/AdobeStock_1037404632-scaled.jpeg\",\"contentUrl\":\"https:\\\/\\\/isig.fbk.eu\\\/wp-content\\\/uploads\\\/2025\\\/01\\\/AdobeStock_1037404632-scaled.jpeg\",\"width\":2560,\"height\":1435},{\"@type\":\"BreadcrumbList\",\"@id\":\"https:\\\/\\\/isig.fbk.eu\\\/it\\\/ai-and-history\\\/#breadcrumb\",\"itemListElement\":[{\"@type\":\"ListItem\",\"position\":1,\"name\":\"Home\",\"item\":\"https:\\\/\\\/isig.fbk.eu\\\/it\\\/\"},{\"@type\":\"ListItem\",\"position\":2,\"name\":\"AI and History\"}]},{\"@type\":\"WebSite\",\"@id\":\"https:\\\/\\\/isig.fbk.eu\\\/it\\\/#website\",\"url\":\"https:\\\/\\\/isig.fbk.eu\\\/it\\\/\",\"name\":\"FBK ISIG\",\"description\":\"Just another WordPress site\",\"potentialAction\":[{\"@type\":\"SearchAction\",\"target\":{\"@type\":\"EntryPoint\",\"urlTemplate\":\"https:\\\/\\\/isig.fbk.eu\\\/it\\\/?s={search_term_string}\"},\"query-input\":{\"@type\":\"PropertyValueSpecification\",\"valueRequired\":true,\"valueName\":\"search_term_string\"}}],\"inLanguage\":\"it-IT\"}]}<\/script>\n<!-- \/ Yoast SEO plugin. -->","yoast_head_json":{"title":"AI and History - FBK ISIG","robots":{"index":"index","follow":"follow","max-snippet":"max-snippet:-1","max-image-preview":"max-image-preview:large","max-video-preview":"max-video-preview:-1"},"canonical":"https:\/\/isig.fbk.eu\/it\/ai-and-history\/","og_locale":"it_IT","og_type":"article","og_url":"https:\/\/isig.fbk.eu\/it\/ai-and-history\/","og_site_name":"FBK ISIG","article_modified_time":"2026-03-25T08:34:43+00:00","og_image":[{"width":2560,"height":1435,"url":"https:\/\/isig.fbk.eu\/wp-content\/uploads\/2025\/01\/AdobeStock_1037404632-scaled.jpeg","type":"image\/jpeg"}],"twitter_card":"summary_large_image","twitter_misc":{"Tempo di lettura stimato":"3 minuti"},"schema":{"@context":"https:\/\/schema.org","@graph":[{"@type":"WebPage","@id":"https:\/\/isig.fbk.eu\/it\/ai-and-history\/","url":"https:\/\/isig.fbk.eu\/it\/ai-and-history\/","name":"AI and History - FBK ISIG","isPartOf":{"@id":"https:\/\/isig.fbk.eu\/it\/#website"},"primaryImageOfPage":{"@id":"https:\/\/isig.fbk.eu\/it\/ai-and-history\/#primaryimage"},"image":{"@id":"https:\/\/isig.fbk.eu\/it\/ai-and-history\/#primaryimage"},"thumbnailUrl":"https:\/\/isig.fbk.eu\/wp-content\/uploads\/2025\/01\/AdobeStock_1037404632-scaled.jpeg","datePublished":"2025-01-09T12:11:14+00:00","dateModified":"2026-03-25T08:34:43+00:00","breadcrumb":{"@id":"https:\/\/isig.fbk.eu\/it\/ai-and-history\/#breadcrumb"},"inLanguage":"it-IT","potentialAction":[{"@type":"ReadAction","target":["https:\/\/isig.fbk.eu\/it\/ai-and-history\/"]}]},{"@type":"ImageObject","inLanguage":"it-IT","@id":"https:\/\/isig.fbk.eu\/it\/ai-and-history\/#primaryimage","url":"https:\/\/isig.fbk.eu\/wp-content\/uploads\/2025\/01\/AdobeStock_1037404632-scaled.jpeg","contentUrl":"https:\/\/isig.fbk.eu\/wp-content\/uploads\/2025\/01\/AdobeStock_1037404632-scaled.jpeg","width":2560,"height":1435},{"@type":"BreadcrumbList","@id":"https:\/\/isig.fbk.eu\/it\/ai-and-history\/#breadcrumb","itemListElement":[{"@type":"ListItem","position":1,"name":"Home","item":"https:\/\/isig.fbk.eu\/it\/"},{"@type":"ListItem","position":2,"name":"AI and History"}]},{"@type":"WebSite","@id":"https:\/\/isig.fbk.eu\/it\/#website","url":"https:\/\/isig.fbk.eu\/it\/","name":"FBK ISIG","description":"Just another WordPress site","potentialAction":[{"@type":"SearchAction","target":{"@type":"EntryPoint","urlTemplate":"https:\/\/isig.fbk.eu\/it\/?s={search_term_string}"},"query-input":{"@type":"PropertyValueSpecification","valueRequired":true,"valueName":"search_term_string"}}],"inLanguage":"it-IT"}]}},"meta_box":{"_more_label":"","_more_page":"","_top_contents":"","_bottom_contents":"","_styles":"","_primary_highlights":[{"from":{"timestamp":"0"},"until":{"timestamp":"0"},"target":"_self","layout":"align-center","size":"half"}],"_secondary_highlights":[{"from":{"timestamp":"0"},"until":{"timestamp":"0"},"target":"_self"}],"_homepage_shortcuts":[{"section_shortcuts":[{"shortcut_thumbnail":{"shortcut_thumbnail_mode":"0"},"shortcut_link":{"shortcut_link_target":"_self"}}]}],"_homepage_call_to_action":{"destination_target":"_self"},"_highlights_limit":"0","_highlights_page":"","_events_limit":"4","_events_page":"","_news_limit":"4","_news_page":"","_contacts_locations_sections":[{"entries":[{"entry_thumbnail":{"entry_thumbnail_mode":"image"}}]}],"type":"fbkevent","category":[],"ordering":"asc","_style":"default","_past_projects_mode":"all","_past_projects_style":"default","_past_projects_limit":"","_projects":[{"style":"default"}],"_sections":[],"_network_and_partners_sections":[],"_tabbed_contents_sections":[],"_blocks":[{"block_thumbnail":{"block_thumbnail_mode":"none"},"links":[{"link_target":"_self"}]}],"_blocks_navigation":"","_latest_publications_limit":"3","_latest_publications_style":"default","_latest_publications_entries":[{"entry_type":"page"}],"_publications_highlights":[{"publication_type":"none"}],"_publications_custom":[],"_publications_filters_years":"","_publications_filters_number_of_years":"","_publications_filters_from_year":"2025","_publications_filters_until_year":"2025","_publications_filters_count":"","_sidebar":"sidebar-eventi","_outline":"","_outline_title":""},"_links":{"self":[{"href":"https:\/\/isig.fbk.eu\/it\/wp-json\/wp\/v2\/pages\/30246","targetHints":{"allow":["GET"]}}],"collection":[{"href":"https:\/\/isig.fbk.eu\/it\/wp-json\/wp\/v2\/pages"}],"about":[{"href":"https:\/\/isig.fbk.eu\/it\/wp-json\/wp\/v2\/types\/page"}],"author":[{"embeddable":true,"href":"https:\/\/isig.fbk.eu\/it\/wp-json\/wp\/v2\/users\/9"}],"replies":[{"embeddable":true,"href":"https:\/\/isig.fbk.eu\/it\/wp-json\/wp\/v2\/comments?post=30246"}],"version-history":[{"count":0,"href":"https:\/\/isig.fbk.eu\/it\/wp-json\/wp\/v2\/pages\/30246\/revisions"}],"wp:featuredmedia":[{"embeddable":true,"href":"https:\/\/isig.fbk.eu\/it\/wp-json\/wp\/v2\/media\/30245"}],"wp:attachment":[{"href":"https:\/\/isig.fbk.eu\/it\/wp-json\/wp\/v2\/media?parent=30246"}],"curies":[{"name":"wp","href":"https:\/\/api.w.org\/{rel}","templated":true}]}}